{"id":462,"date":"2020-01-01T10:12:41","date_gmt":"2020-01-01T10:12:41","guid":{"rendered":"http:\/\/192.168.1.114\/havnor-demo\/mac-app\/?page_id=462"},"modified":"2020-09-12T14:33:05","modified_gmt":"2020-09-12T14:33:05","slug":"contactenos","status":"publish","type":"page","link":"https:\/\/widupay.com\/windul\/contactenos\/","title":{"rendered":"Cont\u00e1ctenos"},"content":{"rendered":"<p>[vc_row full_width=\u00bbstretch_row\u00bb overlay_dotted=\u00bb\u00bb css=\u00bb.vc_custom_1547024242122{padding-top: 7% !important;padding-bottom: 7% !important;background-color: #f6f6f6 !important;}\u00bb][vc_column offset=\u00bbvc_col-lg-8 vc_col-md-8&#8243;]<div class=\"hanor-form-wrap hanor-contact-69e13409357cc contact-wrap-style-wrap\">\n                  <div class=\"contact-form\">\n                    <div class=\"hanor-section-title\">\n                      <h2 class=\"section-title\">Escr\u00edbanos<\/h2><p>Ya sea que tenga una pregunta sobre caracter\u00edsticas, pruebas, precios, necesite una demostraci\u00f3n o cualquier otra solicitud que tenga, nuestro equipo est\u00e1 listo para responder a la mayor brevedad posible.<\/p>\n                    <\/div>\n                    <div role=\"form\" class=\"wpcf7\" id=\"wpcf7-f455-o1\" lang=\"en-US\" dir=\"ltr\">\n<div class=\"screen-reader-response\" role=\"alert\" aria-live=\"polite\"><\/div>\n<form action=\"\/windul\/wp-json\/wp\/v2\/pages\/462#wpcf7-f455-o1\" method=\"post\" class=\"wpcf7-form init\" novalidate=\"novalidate\">\n<div style=\"display: none;\">\n<input type=\"hidden\" name=\"_wpcf7\" value=\"455\" \/>\n<input type=\"hidden\" name=\"_wpcf7_version\" value=\"5.2.1\" \/>\n<input type=\"hidden\" name=\"_wpcf7_locale\" value=\"en_US\" \/>\n<input type=\"hidden\" name=\"_wpcf7_unit_tag\" value=\"wpcf7-f455-o1\" \/>\n<input type=\"hidden\" name=\"_wpcf7_container_post\" value=\"0\" \/>\n<input type=\"hidden\" name=\"_wpcf7_posted_data_hash\" value=\"\" \/>\n<\/div>\n<div class=\"row\">\n<div class=\"col-sm-6\"><span class=\"wpcf7-form-control-wrap your-name\"><input type=\"text\" name=\"your-name\" value=\"\" size=\"40\" class=\"wpcf7-form-control wpcf7-text wpcf7-validates-as-required\" aria-required=\"true\" aria-invalid=\"false\" placeholder=\"Nombre\" \/><\/span><\/div>\n<div class=\"col-sm-6\"><span class=\"wpcf7-form-control-wrap your-email\"><input type=\"email\" name=\"your-email\" value=\"\" size=\"40\" class=\"wpcf7-form-control wpcf7-text wpcf7-email wpcf7-validates-as-required wpcf7-validates-as-email\" aria-required=\"true\" aria-invalid=\"false\" placeholder=\"Correo Electr\u00f3nico\" \/><\/span><\/div>\n<div class=\"col-sm-6\"><span class=\"wpcf7-form-control-wrap your-phone\"><input type=\"text\" name=\"your-phone\" value=\"\" size=\"40\" class=\"wpcf7-form-control wpcf7-text wpcf7-validates-as-required\" aria-required=\"true\" aria-invalid=\"false\" placeholder=\"N\u00famero de Celular\" \/><\/span><\/div>\n<div class=\"col-sm-6\"><span class=\"wpcf7-form-control-wrap your-name-company\"><input type=\"text\" name=\"your-name-company\" value=\"\" size=\"40\" class=\"wpcf7-form-control wpcf7-text wpcf7-validates-as-required\" aria-required=\"true\" aria-invalid=\"false\" placeholder=\"Nombre de la Empresa\" \/><\/span><\/div>\n<div class=\"col-sm-12\"><span class=\"wpcf7-form-control-wrap your-message\"><textarea name=\"your-message\" cols=\"40\" rows=\"10\" class=\"wpcf7-form-control wpcf7-textarea wpcf7-validates-as-required\" aria-required=\"true\" aria-invalid=\"false\" placeholder=\"\u00bfComo podemos ayudarle?\"><\/textarea><\/span><\/div>\n<div class=\"col-sm-12\"><input type=\"submit\" value=\"ENVIAR\" class=\"wpcf7-form-control wpcf7-submit\" \/><\/div>\n<\/div>\n<div class=\"wpcf7-response-output\" role=\"alert\" aria-hidden=\"true\"><\/div><\/form><\/div>\n                  <\/div>\n                <\/div>[\/vc_column][vc_column offset=\u00bbvc_col-lg-4 vc_col-md-4&#8243;]<div class=\"contact-info-item hanor-item hanor-address-69e1340935dfd \">\n                <div class=\"hanor-icon\"><span class=\"pe-7s-map\"><\/span><\/div>\n                <div class=\"contact-info\">\n                  <h4 class=\"contact-info-title\">Oficina<\/h4>\n                  <p>Col. Buenos aires, 2da ave, 11 y 12 calle, San Pedro Sula, Honduras<\/p>\n                <\/div>\n              <\/div><div class=\"contact-info-item hanor-item hanor-address-69e1340935e16 \">\n                <div class=\"hanor-icon\"><span class=\"pe-7s-phone\"><\/span><\/div>\n                <div class=\"contact-info\">\n                  <h4 class=\"contact-info-title\">Cont\u00e1ctenos<\/h4>\n                  <p><a href=\"tel:+50495832383\">(+504) 9583-2383<\/a><a href=\"tel:+50499681809\">(+504) 9968-1809<\/a><\/p>\n                <\/div>\n              <\/div><div class=\"contact-info-item hanor-item hanor-address-69e1340935e25 \">\n                <div class=\"hanor-icon\"><span class=\"pe-7s-mail-open-file\"><\/span><\/div>\n                <div class=\"contact-info\">\n                  <h4 class=\"contact-info-title\">Escr\u00edbanos<\/h4>\n                  <p><a href=\"mailto:hola@widupay.com\">hola@widupay.com<\/a><a href=\"mailto:support@widupay.com\">support@widupay.com<\/a><\/p>\n                <\/div>\n              <\/div>[\/vc_column][\/vc_row][vc_row full_width=\u00bbstretch_row_content_no_spaces\u00bb overlay_dotted=\u00bb\u00bb][vc_column css=\u00bb.vc_custom_1530353182745{padding-top: 0px !important;background-color: #f6f6f6 !important;}\u00bb]<div id=\"map-69e1340935e4e\" class=\"hanor-map  hanor-map-69e1340935e4e\"><\/div>    <script type=\"text\/javascript\">\n    \/\/ Custom Map Script\n    jQuery(document).ready(function($) {\n      $(\"#map-69e1340935e4e\").googleMap({\n        zoom: 10,\n        type: \"ROADMAP\",\n        styles: [{\"featureType\":\"all\",\"elementType\":\"labels.text.fill\",\"stylers\":[{\"saturation\":36},{\"color\":\"#000000\"},{\"lightness\":40}]},{\"featureType\":\"all\",\"elementType\":\"labels.text.stroke\",\"stylers\":[{\"visibility\":\"on\"},{\"color\":\"#000000\"},{\"lightness\":16}]},{\"featureType\":\"all\",\"elementType\":\"labels.icon\",\"stylers\":[{\"visibility\":\"off\"}]},{\"featureType\":\"administrative\",\"elementType\":\"geometry.fill\",\"stylers\":[{\"color\":\"#000000\"},{\"lightness\":20}]},{\"featureType\":\"administrative\",\"elementType\":\"geometry.stroke\",\"stylers\":[{\"color\":\"#000000\"},{\"lightness\":17},{\"weight\":1.2}]},{\"featureType\":\"landscape\",\"elementType\":\"geometry\",\"stylers\":[{\"color\":\"#000000\"},{\"lightness\":20}]},{\"featureType\":\"poi\",\"elementType\":\"geometry\",\"stylers\":[{\"color\":\"#000000\"},{\"lightness\":21}]},{\"featureType\":\"road.highway\",\"elementType\":\"geometry.fill\",\"stylers\":[{\"color\":\"#000000\"},{\"lightness\":17}]},{\"featureType\":\"road.highway\",\"elementType\":\"geometry.stroke\",\"stylers\":[{\"color\":\"#000000\"},{\"lightness\":29},{\"weight\":0.2}]},{\"featureType\":\"road.arterial\",\"elementType\":\"geometry\",\"stylers\":[{\"color\":\"#000000\"},{\"lightness\":18}]},{\"featureType\":\"road.local\",\"elementType\":\"geometry\",\"stylers\":[{\"color\":\"#000000\"},{\"lightness\":16}]},{\"featureType\":\"transit\",\"elementType\":\"geometry\",\"stylers\":[{\"color\":\"#000000\"},{\"lightness\":19}]},{\"featureType\":\"water\",\"elementType\":\"geometry\",\"stylers\":[{\"color\":\"#000000\"},{\"lightness\":17}]}],\n        streetViewControl: false,\n        scrollwheel: false,\n        mapTypeControl: false,\n                    coords: [15.541390, -80.013793],\n                  });\n            $(\"#map-69e1340935e4e\").addMarker({\n        coords: [15.541390, -80.013793],\n        icon: 'https:\/\/widupay.com\/windul\/wp-content\/plugins\/havnor-core\/assets\/images\/map-marker.png',\n        title: \"Oficina corporativa de Windupay\",        text: \"<p>Col. Buenos aires, 2da ave, 11 y 12 calle<\/p>\",      });\n          });\n    <\/script>\n[\/vc_column][\/vc_row]<\/p>\n","protected":false},"excerpt":{"rendered":"[vc_row full_width=\u00bbstretch_row\u00bb overlay_dotted=\u00bb\u00bb css=\u00bb.vc_custom_1547024242122{padding-top: 7% !important;padding-bottom: 7% !important;background-color: #f6f6f6 !important;}\u00bb][vc_column offset=\u00bbvc_col-lg-8 vc_col-md-8&#8243;][\/vc_column][vc_column offset=\u00bbvc_col-lg-4 vc_col-md-4&#8243;][\/vc_column][\/vc_row][vc_row full_width=\u00bbstretch_row_content_no_spaces\u00bb overlay_dotted=\u00bb\u00bb][vc_column css=\u00bb.vc_custom_1530353182745{padding-top: 0px !important;background-color: #f6f6f6 !important;}\u00bb][\/vc_column][\/vc_row]","protected":false},"author":1,"featured_media":0,"parent":0,"menu_order":0,"comment_status":"closed","ping_status":"closed","template":"","meta":[],"yoast_head":"<!-- This site is optimized with the Yoast SEO plugin v14.9 - https:\/\/yoast.com\/wordpress\/plugins\/seo\/ -->\n<title>Cont\u00e1ctenos - Windul<\/title>\n<meta name=\"robots\" content=\"index, follow, max-snippet:-1, max-image-preview:large, max-video-preview:-1\" \/>\n<link rel=\"canonical\" href=\"https:\/\/widupay.com\/windul\/contactenos\/\" \/>\n<meta property=\"og:locale\" content=\"es_ES\" \/>\n<meta property=\"og:type\" content=\"article\" \/>\n<meta property=\"og:title\" content=\"Cont\u00e1ctenos - Windul\" \/>\n<meta property=\"og:description\" content=\"[vc_row full_width=\u00bbstretch_row\u00bb overlay_dotted=\u00bb\u00bb css=\u00bb.vc_custom_1547024242122{padding-top: 7% !important;padding-bottom: 7% !important;background-color: #f6f6f6 !important;}\u00bb][vc_column offset=\u00bbvc_col-lg-8 vc_col-md-8&#8243;][\/vc_column][vc_column offset=\u00bbvc_col-lg-4 vc_col-md-4&#8243;][\/vc_column][\/vc_row][vc_row full_width=\u00bbstretch_row_content_no_spaces\u00bb overlay_dotted=\u00bb\u00bb][vc_column css=\u00bb.vc_custom_1530353182745{padding-top: 0px !important;background-color: #f6f6f6 !important;}\u00bb][\/vc_column][\/vc_row]\" \/>\n<meta property=\"og:url\" content=\"https:\/\/widupay.com\/windul\/contactenos\/\" \/>\n<meta property=\"og:site_name\" content=\"Windul\" \/>\n<meta property=\"article:publisher\" content=\"https:\/\/www.facebook.com\/windulapp\" \/>\n<meta property=\"article:modified_time\" content=\"2020-09-12T14:33:05+00:00\" \/>\n<meta name=\"twitter:card\" content=\"summary_large_image\" \/>\n<script type=\"application\/ld+json\" class=\"yoast-schema-graph\">{\"@context\":\"https:\/\/schema.org\",\"@graph\":[{\"@type\":\"Organization\",\"@id\":\"https:\/\/widupay.com\/windul\/#organization\",\"name\":\"Widupay\",\"url\":\"https:\/\/widupay.com\/windul\/\",\"sameAs\":[\"https:\/\/www.facebook.com\/windulapp\",\"https:\/\/www.instagram.com\/windulapp\/\"],\"logo\":{\"@type\":\"ImageObject\",\"@id\":\"https:\/\/widupay.com\/windul\/#logo\",\"inLanguage\":\"es\",\"url\":\"https:\/\/widupay.com\/windul\/wp-content\/uploads\/sites\/2\/2020\/09\/widupay_2x.png\",\"width\":250,\"height\":80,\"caption\":\"Widupay\"},\"image\":{\"@id\":\"https:\/\/widupay.com\/windul\/#logo\"}},{\"@type\":\"WebSite\",\"@id\":\"https:\/\/widupay.com\/windul\/#website\",\"url\":\"https:\/\/widupay.com\/windul\/\",\"name\":\"Windul\",\"description\":\"Aplicaci\\u00f3n de facturaci\\u00f3n y pagos en linea para escuelas\",\"publisher\":{\"@id\":\"https:\/\/widupay.com\/windul\/#organization\"},\"potentialAction\":[{\"@type\":\"SearchAction\",\"target\":\"https:\/\/widupay.com\/windul\/?s={search_term_string}\",\"query-input\":\"required name=search_term_string\"}],\"inLanguage\":\"es\"},{\"@type\":\"WebPage\",\"@id\":\"https:\/\/widupay.com\/windul\/contactenos\/#webpage\",\"url\":\"https:\/\/widupay.com\/windul\/contactenos\/\",\"name\":\"Cont\\u00e1ctenos - Windul\",\"isPartOf\":{\"@id\":\"https:\/\/widupay.com\/windul\/#website\"},\"datePublished\":\"2020-01-01T10:12:41+00:00\",\"dateModified\":\"2020-09-12T14:33:05+00:00\",\"inLanguage\":\"es\",\"potentialAction\":[{\"@type\":\"ReadAction\",\"target\":[\"https:\/\/widupay.com\/windul\/contactenos\/\"]}]}]}<\/script>\n<!-- \/ Yoast SEO plugin. -->","_links":{"self":[{"href":"https:\/\/widupay.com\/windul\/wp-json\/wp\/v2\/pages\/462"}],"collection":[{"href":"https:\/\/widupay.com\/windul\/wp-json\/wp\/v2\/pages"}],"about":[{"href":"https:\/\/widupay.com\/windul\/wp-json\/wp\/v2\/types\/page"}],"author":[{"embeddable":true,"href":"https:\/\/widupay.com\/windul\/wp-json\/wp\/v2\/users\/1"}],"replies":[{"embeddable":true,"href":"https:\/\/widupay.com\/windul\/wp-json\/wp\/v2\/comments?post=462"}],"version-history":[{"count":4,"href":"https:\/\/widupay.com\/windul\/wp-json\/wp\/v2\/pages\/462\/revisions"}],"predecessor-version":[{"id":4283,"href":"https:\/\/widupay.com\/windul\/wp-json\/wp\/v2\/pages\/462\/revisions\/4283"}],"wp:attachment":[{"href":"https:\/\/widupay.com\/windul\/wp-json\/wp\/v2\/media?parent=462"}],"curies":[{"name":"wp","href":"https:\/\/api.w.org\/{rel}","templated":true}]}}