{"id":4172,"date":"2020-09-11T18:17:45","date_gmt":"2020-09-11T18:17:45","guid":{"rendered":"https:\/\/widupay.com\/windul\/?page_id=4172"},"modified":"2020-09-15T20:02:11","modified_gmt":"2020-09-15T20:02:11","slug":"comparacion-de-planes","status":"publish","type":"page","link":"https:\/\/widupay.com\/windul\/comparacion-de-planes\/","title":{"rendered":"Comparaci\u00f3n de Planes"},"content":{"rendered":"<p>[vc_row full_width=\u00bbstretch_row\u00bb overlay_dotted=\u00bb\u00bb css=\u00bb.vc_custom_1600199735120{padding-top: 7% !important;padding-bottom: 2% !important;background-color: #f9f9f9 !important;}\u00bb][vc_column]<div class=\"hanor-section-title section-title-one hanor-stitle-69e14cdc5feb8-comparacion-de-nuestros-planes-para-tu-escuela cpation-center \"><h2 class=\"section-title\">Comparaci\u00f3n de nuestros planes para tu escuela<\/h2><p>Nuestros planes cuentan con diferentes caracter\u00edsticas que pueden adaptarse a cualquier tama\u00f1o de Escuela, en Windul tratamos de cubrir las necesidades que pueda llegar a tener cada Escuela, si requieres de una caracter\u00edstica de alg\u00fan otro plan escr\u00edbenos o contacta a tu ejecutivo de cuenta. Al pagar cualquiera de nuestros planes de forma anual podr\u00e1 ahorrar hasta un 10% descuento en cada mensualidad.<\/p><\/div>[\/vc_column][\/vc_row][vc_row full_width=\u00bbstretch_row_content_no_spaces\u00bb overlay_dotted=\u00bb\u00bb css=\u00bb.vc_custom_1600199998693{padding-top: 0% !important;padding-bottom: 0% !important;}\u00bb][vc_column css=\u00bb.vc_custom_1540883945219{padding-top: 0px !important;}\u00bb][vc_raw_html css=\u00bb.vc_custom_1600199898755{padding-top: 3% !important;}\u00bb]JTNDaWZyYW1lJTIwc3JjJTNEJTIyaHR0cHMlM0ElMkYlMkZ3aWR1cGF5LmNvbSUyRndwYXlmaWxlcyUyRmNvbXBhcmlzb250YWJsZS5odG1sJTIyJTIwaGVpZ2h0JTNEJTIyNTUwcHglMjIlM0UlM0MlMkZpZnJhbWUlM0U=[\/vc_raw_html]<div class=\"hanor-section-title section-title-one hanor-stitle-69e14cdc5feed-no-estas-seguro-de-cual-es-el-plan-adecuado-para-ti cpation-center \"><h2 class=\"section-title\">\u00bfNo est\u00e1s seguro de cu\u00e1l es el plan adecuado para ti?<\/h2><p>Nuestro equipo de ventas est\u00e1 aqu\u00ed para ayudar. P\u00f3ngase en contacto para conocer el mejor plan para su equipo y flujo de trabajo.<\/p><\/div>[\/vc_column][\/vc_row]<\/p>\n","protected":false},"excerpt":{"rendered":"[vc_row full_width=\u00bbstretch_row\u00bb overlay_dotted=\u00bb\u00bb css=\u00bb.vc_custom_1600199735120{padding-top: 7% !important;padding-bottom: 2% !important;background-color: #f9f9f9 !important;}\u00bb][vc_column][\/vc_column][\/vc_row][vc_row full_width=\u00bbstretch_row_content_no_spaces\u00bb overlay_dotted=\u00bb\u00bb css=\u00bb.vc_custom_1600199998693{padding-top: 0% !important;padding-bottom: 0% !important;}\u00bb][vc_column css=\u00bb.vc_custom_1540883945219{padding-top: 0px !important;}\u00bb][vc_raw_html css=\u00bb.vc_custom_1600199898755{padding-top: 3% !important;}\u00bb]JTNDaWZyYW1lJTIwc3JjJTNEJTIyaHR0cHMlM0ElMkYlMkZ3aWR1cGF5LmNvbSUyRndwYXlmaWxlcyUyRmNvbXBhcmlzb250YWJsZS5odG1sJTIyJTIwaGVpZ2h0JTNEJTIyNTUwcHglMjIlM0UlM0MlMkZpZnJhbWUlM0U=[\/vc_raw_html][\/vc_column][\/vc_row]","protected":false},"author":2,"featured_media":0,"parent":0,"menu_order":0,"comment_status":"closed","ping_status":"closed","template":"","meta":[],"yoast_head":"<!-- This site is optimized with the Yoast SEO plugin v14.9 - https:\/\/yoast.com\/wordpress\/plugins\/seo\/ -->\n<title>Comparaci\u00f3n de Planes - Windul<\/title>\n<meta name=\"robots\" content=\"index, follow, max-snippet:-1, max-image-preview:large, max-video-preview:-1\" \/>\n<link rel=\"canonical\" href=\"https:\/\/widupay.com\/windul\/comparacion-de-planes\/\" \/>\n<meta property=\"og:locale\" content=\"es_ES\" \/>\n<meta property=\"og:type\" content=\"article\" \/>\n<meta property=\"og:title\" content=\"Comparaci\u00f3n de Planes - Windul\" \/>\n<meta property=\"og:description\" content=\"[vc_row full_width=\u00bbstretch_row\u00bb overlay_dotted=\u00bb\u00bb css=\u00bb.vc_custom_1600199735120{padding-top: 7% !important;padding-bottom: 2% !important;background-color: #f9f9f9 !important;}\u00bb][vc_column][\/vc_column][\/vc_row][vc_row full_width=\u00bbstretch_row_content_no_spaces\u00bb overlay_dotted=\u00bb\u00bb css=\u00bb.vc_custom_1600199998693{padding-top: 0% !important;padding-bottom: 0% !important;}\u00bb][vc_column css=\u00bb.vc_custom_1540883945219{padding-top: 0px !important;}\u00bb][vc_raw_html css=\u00bb.vc_custom_1600199898755{padding-top: 3% !important;}\u00bb]JTNDaWZyYW1lJTIwc3JjJTNEJTIyaHR0cHMlM0ElMkYlMkZ3aWR1cGF5LmNvbSUyRndwYXlmaWxlcyUyRmNvbXBhcmlzb250YWJsZS5odG1sJTIyJTIwaGVpZ2h0JTNEJTIyNTUwcHglMjIlM0UlM0MlMkZpZnJhbWUlM0U=[\/vc_raw_html][\/vc_column][\/vc_row]\" \/>\n<meta property=\"og:url\" content=\"https:\/\/widupay.com\/windul\/comparacion-de-planes\/\" \/>\n<meta property=\"og:site_name\" content=\"Windul\" \/>\n<meta property=\"article:publisher\" content=\"https:\/\/www.facebook.com\/windulapp\" \/>\n<meta property=\"article:modified_time\" content=\"2020-09-15T20:02:11+00:00\" \/>\n<meta name=\"twitter:card\" content=\"summary_large_image\" \/>\n<script type=\"application\/ld+json\" class=\"yoast-schema-graph\">{\"@context\":\"https:\/\/schema.org\",\"@graph\":[{\"@type\":\"Organization\",\"@id\":\"https:\/\/widupay.com\/windul\/#organization\",\"name\":\"Widupay\",\"url\":\"https:\/\/widupay.com\/windul\/\",\"sameAs\":[\"https:\/\/www.facebook.com\/windulapp\",\"https:\/\/www.instagram.com\/windulapp\/\"],\"logo\":{\"@type\":\"ImageObject\",\"@id\":\"https:\/\/widupay.com\/windul\/#logo\",\"inLanguage\":\"es\",\"url\":\"https:\/\/widupay.com\/windul\/wp-content\/uploads\/sites\/2\/2020\/09\/widupay_2x.png\",\"width\":250,\"height\":80,\"caption\":\"Widupay\"},\"image\":{\"@id\":\"https:\/\/widupay.com\/windul\/#logo\"}},{\"@type\":\"WebSite\",\"@id\":\"https:\/\/widupay.com\/windul\/#website\",\"url\":\"https:\/\/widupay.com\/windul\/\",\"name\":\"Windul\",\"description\":\"Aplicaci\\u00f3n de facturaci\\u00f3n y pagos en linea para escuelas\",\"publisher\":{\"@id\":\"https:\/\/widupay.com\/windul\/#organization\"},\"potentialAction\":[{\"@type\":\"SearchAction\",\"target\":\"https:\/\/widupay.com\/windul\/?s={search_term_string}\",\"query-input\":\"required name=search_term_string\"}],\"inLanguage\":\"es\"},{\"@type\":\"WebPage\",\"@id\":\"https:\/\/widupay.com\/windul\/comparacion-de-planes\/#webpage\",\"url\":\"https:\/\/widupay.com\/windul\/comparacion-de-planes\/\",\"name\":\"Comparaci\\u00f3n de Planes - Windul\",\"isPartOf\":{\"@id\":\"https:\/\/widupay.com\/windul\/#website\"},\"datePublished\":\"2020-09-11T18:17:45+00:00\",\"dateModified\":\"2020-09-15T20:02:11+00:00\",\"inLanguage\":\"es\",\"potentialAction\":[{\"@type\":\"ReadAction\",\"target\":[\"https:\/\/widupay.com\/windul\/comparacion-de-planes\/\"]}]}]}<\/script>\n<!-- \/ Yoast SEO plugin. -->","_links":{"self":[{"href":"https:\/\/widupay.com\/windul\/wp-json\/wp\/v2\/pages\/4172"}],"collection":[{"href":"https:\/\/widupay.com\/windul\/wp-json\/wp\/v2\/pages"}],"about":[{"href":"https:\/\/widupay.com\/windul\/wp-json\/wp\/v2\/types\/page"}],"author":[{"embeddable":true,"href":"https:\/\/widupay.com\/windul\/wp-json\/wp\/v2\/users\/2"}],"replies":[{"embeddable":true,"href":"https:\/\/widupay.com\/windul\/wp-json\/wp\/v2\/comments?post=4172"}],"version-history":[{"count":42,"href":"https:\/\/widupay.com\/windul\/wp-json\/wp\/v2\/pages\/4172\/revisions"}],"predecessor-version":[{"id":4455,"href":"https:\/\/widupay.com\/windul\/wp-json\/wp\/v2\/pages\/4172\/revisions\/4455"}],"wp:attachment":[{"href":"https:\/\/widupay.com\/windul\/wp-json\/wp\/v2\/media?parent=4172"}],"curies":[{"name":"wp","href":"https:\/\/api.w.org\/{rel}","templated":true}]}}