{"id":4091,"date":"2020-09-11T05:05:14","date_gmt":"2020-09-11T05:05:14","guid":{"rendered":"https:\/\/widupay.com\/windul\/?page_id=4091"},"modified":"2020-09-14T18:25:20","modified_gmt":"2020-09-14T18:25:20","slug":"notificaciones","status":"publish","type":"page","link":"https:\/\/widupay.com\/windul\/notificaciones\/","title":{"rendered":"Notificaciones"},"content":{"rendered":"<p>[vc_row full_width=\u00bbstretch_row\u00bb overlay_dotted=\u00bb\u00bb css=\u00bb.vc_custom_1547023961078{padding-top: 6% !important;padding-bottom: 9% !important;background-color: #f9f9f9 !important;}\u00bb][vc_column]<section class=\"hanor-promo toggle-align hanor-promo-69e138012f03f \">\n                <div class=\"promo-item\">\n                  <div class=\"row\">\n                    <div class=\"col-md-7 hanor-item promo-primary\">\n                      <div class=\"hanor-table-wrap\">\n                        <div class=\"hanor-align-wrap\">\n                          <div class=\"hanor-image\"><img src=\"https:\/\/widupay.com\/windul\/wp-content\/uploads\/sites\/2\/2020\/09\/WindulNews.png\" alt=\"\"><\/div>\n                        <\/div>\n                      <\/div>\n                    <\/div>\n                    <div class=\"col-md-5 hanor-item promo-secondary\">\n                      <div class=\"hanor-table-wrap\">\n                        <div class=\"hanor-align-wrap\">\n                          <div class=\"promo-info\"><i class=\"fa fa-envelope-o\" aria-hidden=\"true\"><\/i><h2 class=\"promo-title\">Comunicaci\u00f3n fluida entre la escuela y el hogar<\/h2><p>Notifique r\u00e1pidamente a miles de contactos dentro de su comunidad escolar por correo electr\u00f3nico y mensajes de texto. Nuestro sistema de notificaci\u00f3n escolar, le permite publicar mensajes sin la necesidad de importar datos o salir de Windul. Ademas, le permite programar el envi\u00f3 de notificaciones para una divisi\u00f3n, grado o grupos. Puede programar notificaciones de forma recurrentes. Configure a Windul para solicitar que las notificaciones sean autorizadas previamente antes de su envi\u00f3 o programaci\u00f3n.<\/p>\n<\/div>\n                        <\/div>\n                      <\/div>\n                    <\/div>\n                  <\/div>\n                <\/div>\n              <\/section>[\/vc_column][\/vc_row]<\/p>\n","protected":false},"excerpt":{"rendered":"[vc_row full_width=\u00bbstretch_row\u00bb overlay_dotted=\u00bb\u00bb css=\u00bb.vc_custom_1547023961078{padding-top: 6% !important;padding-bottom: 9% !important;background-color: #f9f9f9 !important;}\u00bb][vc_column][\/vc_column][\/vc_row]","protected":false},"author":2,"featured_media":0,"parent":0,"menu_order":0,"comment_status":"closed","ping_status":"closed","template":"","meta":[],"yoast_head":"<!-- This site is optimized with the Yoast SEO plugin v14.9 - https:\/\/yoast.com\/wordpress\/plugins\/seo\/ -->\n<title>Notificaciones - Windul<\/title>\n<meta name=\"robots\" content=\"index, follow, max-snippet:-1, max-image-preview:large, max-video-preview:-1\" \/>\n<link rel=\"canonical\" href=\"https:\/\/widupay.com\/windul\/notificaciones\/\" \/>\n<meta property=\"og:locale\" content=\"es_ES\" \/>\n<meta property=\"og:type\" content=\"article\" \/>\n<meta property=\"og:title\" content=\"Notificaciones - Windul\" \/>\n<meta property=\"og:description\" content=\"[vc_row full_width=\u00bbstretch_row\u00bb overlay_dotted=\u00bb\u00bb css=\u00bb.vc_custom_1547023961078{padding-top: 6% !important;padding-bottom: 9% !important;background-color: #f9f9f9 !important;}\u00bb][vc_column][\/vc_column][\/vc_row]\" \/>\n<meta property=\"og:url\" content=\"https:\/\/widupay.com\/windul\/notificaciones\/\" \/>\n<meta property=\"og:site_name\" content=\"Windul\" \/>\n<meta property=\"article:publisher\" content=\"https:\/\/www.facebook.com\/windulapp\" \/>\n<meta property=\"article:modified_time\" content=\"2020-09-14T18:25:20+00:00\" \/>\n<meta name=\"twitter:card\" content=\"summary_large_image\" \/>\n<script type=\"application\/ld+json\" class=\"yoast-schema-graph\">{\"@context\":\"https:\/\/schema.org\",\"@graph\":[{\"@type\":\"Organization\",\"@id\":\"https:\/\/widupay.com\/windul\/#organization\",\"name\":\"Widupay\",\"url\":\"https:\/\/widupay.com\/windul\/\",\"sameAs\":[\"https:\/\/www.facebook.com\/windulapp\",\"https:\/\/www.instagram.com\/windulapp\/\"],\"logo\":{\"@type\":\"ImageObject\",\"@id\":\"https:\/\/widupay.com\/windul\/#logo\",\"inLanguage\":\"es\",\"url\":\"https:\/\/widupay.com\/windul\/wp-content\/uploads\/sites\/2\/2020\/09\/widupay_2x.png\",\"width\":250,\"height\":80,\"caption\":\"Widupay\"},\"image\":{\"@id\":\"https:\/\/widupay.com\/windul\/#logo\"}},{\"@type\":\"WebSite\",\"@id\":\"https:\/\/widupay.com\/windul\/#website\",\"url\":\"https:\/\/widupay.com\/windul\/\",\"name\":\"Windul\",\"description\":\"Aplicaci\\u00f3n de facturaci\\u00f3n y pagos en linea para escuelas\",\"publisher\":{\"@id\":\"https:\/\/widupay.com\/windul\/#organization\"},\"potentialAction\":[{\"@type\":\"SearchAction\",\"target\":\"https:\/\/widupay.com\/windul\/?s={search_term_string}\",\"query-input\":\"required name=search_term_string\"}],\"inLanguage\":\"es\"},{\"@type\":\"WebPage\",\"@id\":\"https:\/\/widupay.com\/windul\/notificaciones\/#webpage\",\"url\":\"https:\/\/widupay.com\/windul\/notificaciones\/\",\"name\":\"Notificaciones - Windul\",\"isPartOf\":{\"@id\":\"https:\/\/widupay.com\/windul\/#website\"},\"datePublished\":\"2020-09-11T05:05:14+00:00\",\"dateModified\":\"2020-09-14T18:25:20+00:00\",\"inLanguage\":\"es\",\"potentialAction\":[{\"@type\":\"ReadAction\",\"target\":[\"https:\/\/widupay.com\/windul\/notificaciones\/\"]}]}]}<\/script>\n<!-- \/ Yoast SEO plugin. -->","_links":{"self":[{"href":"https:\/\/widupay.com\/windul\/wp-json\/wp\/v2\/pages\/4091"}],"collection":[{"href":"https:\/\/widupay.com\/windul\/wp-json\/wp\/v2\/pages"}],"about":[{"href":"https:\/\/widupay.com\/windul\/wp-json\/wp\/v2\/types\/page"}],"author":[{"embeddable":true,"href":"https:\/\/widupay.com\/windul\/wp-json\/wp\/v2\/users\/2"}],"replies":[{"embeddable":true,"href":"https:\/\/widupay.com\/windul\/wp-json\/wp\/v2\/comments?post=4091"}],"version-history":[{"count":5,"href":"https:\/\/widupay.com\/windul\/wp-json\/wp\/v2\/pages\/4091\/revisions"}],"predecessor-version":[{"id":4384,"href":"https:\/\/widupay.com\/windul\/wp-json\/wp\/v2\/pages\/4091\/revisions\/4384"}],"wp:attachment":[{"href":"https:\/\/widupay.com\/windul\/wp-json\/wp\/v2\/media?parent=4091"}],"curies":[{"name":"wp","href":"https:\/\/api.w.org\/{rel}","templated":true}]}}