{"id":4089,"date":"2020-09-11T05:04:36","date_gmt":"2020-09-11T05:04:36","guid":{"rendered":"https:\/\/widupay.com\/windul\/?page_id=4089"},"modified":"2020-09-16T07:25:39","modified_gmt":"2020-09-16T13:25:39","slug":"widubucks","status":"publish","type":"page","link":"https:\/\/widupay.com\/windul\/widubucks\/","title":{"rendered":"Widubucks"},"content":{"rendered":"<p>[vc_row full_width=\u00bbstretch_row\u00bb overlay_dotted=\u00bb\u00bb css=\u00bb.vc_custom_1600262721077{padding-top: 6% !important;padding-bottom: 0% !important;background-color: #f9f9f9 !important;}\u00bb][vc_column]<section class=\"hanor-promo toggle-align hanor-promo-69e13408e909e \">\n                <div class=\"promo-item\">\n                  <div class=\"row\">\n                    <div class=\"col-md-7 hanor-item promo-primary\">\n                      <div class=\"hanor-table-wrap\">\n                        <div class=\"hanor-align-wrap\">\n                          <div class=\"hanor-image\"><img src=\"https:\/\/widupay.com\/windul\/wp-content\/uploads\/sites\/2\/2020\/09\/windulSummerCamps.png\" alt=\"\"><\/div>\n                        <\/div>\n                      <\/div>\n                    <\/div>\n                    <div class=\"col-md-5 hanor-item promo-secondary\">\n                      <div class=\"hanor-table-wrap\">\n                        <div class=\"hanor-align-wrap\">\n                          <div class=\"promo-info\"><i class=\"fa fa-plane\" aria-hidden=\"true\"><\/i><h2 class=\"promo-title\">Infinitas posibilidades<\/h2><p>Modulo dise\u00f1ado y desarrollado para trabajar de forma manual desde el portal administrativo o que los padres puedan auto-servirse por si solos. Nuestro sistema de venta de entradas para eventos escolares totalmente personalizable facilita la planificaci\u00f3n de eventos, campamentos de verano, cursos, actividades extracurriculares y viajes. Ideal para actuaciones, conciertos, campeonatos deportivos, bailes, obras de teatro y m\u00e1s. Disfrute de m\u00faltiples opciones de actividades para campistas con caracter\u00edsticas exclusivas dise\u00f1adas espec\u00edficamente para campamentos.<\/p>\n<\/div>\n                        <\/div>\n                      <\/div>\n                    <\/div>\n                  <\/div>\n                <\/div>\n              <\/section>[\/vc_column][\/vc_row][vc_row full_width=\u00bbstretch_row\u00bb content_placement=\u00bbmiddle\u00bb overlay_dotted=\u00bb\u00bb css=\u00bb.vc_custom_1600262735226{padding-top: 5% !important;padding-bottom: 15% !important;padding-left: 0px !important;}\u00bb][vc_column text_alignment=\u00bbtext-center\u00bb offset=\u00bbvc_col-lg-6 vc_col-md-12&#8243;]<div class=\"hanor-presentation  left-side\"><div class=\"hanor-image\"><img src=\"https:\/\/widupay.com\/windul\/wp-content\/uploads\/sites\/2\/2020\/09\/windulEventos.png\" alt=\"\"><\/div><\/div>[\/vc_column][vc_column offset=\u00bbvc_col-lg-6 vc_col-md-12&#8243;]<div class=\"hanor-section-title section-title-one hanor-stitle-69e13408e9678-disenado-y-desarrollado-para-las-escuelas cpation-left \"><h2 class=\"section-title\">Dise\u00f1ado y desarrollado para las Escuelas<\/h2><p>Widubucks facilita la planificaci\u00f3n de eventos, actividades extracurriculares, campamentos de verano, viajes deportivos o educativos. Las actividades o eventos pueden ser privadas o publicas para que personas que no son parte de la comunidad estudiantil o padres de familia puedan adquirir entradas a eventos o inscribirse a campamentos de verano\/vacacionales o actividades extracurriculares.<\/p><\/div><div class=\"accordion hanor-acc-69e13408e97c0  collapse-others\" role=\"tablist\" ><div class=\"panel panel-default  active\"><div class=\"panel-heading\"><h4 class=\"panel-title\"> <a href=\"#69e13408e97c0-0\" class=\" in\" data-toggle=\"collapse\" aria-expanded=\"true\">Widubucks<\/a><\/h4><\/div><div id=\"69e13408e97c0-0\" class=\"panel-collapse collapse in\"><div class=\"panel-content\">[vc_column_text css=\u00bb.vc_custom_1600095771175{margin-bottom: 0px !important;padding-bottom: 0px !important;}\u00bb]La esencia y coraz\u00f3n de Windul, el modulo que hace que nuestra aplicaci\u00f3n sea el apoyo que toda administraci\u00f3n requiere. Con Widubucks su Escuela podra emitir y cargar con facilidad a los estudiantes, padres de familia o clientes externos cualquier valor que se requiera o incluso permitir que se auto-atiendan por si solos. Pensado y desarrollado exclusivamente para Escuelas, puedes asignar y requerir el pago de ex\u00e1menes, copias, membresias, o cualquier otro monto que necesites cargar a los estudiantes y los padres puedan pagarlo desde la comodidad de la casa. Por cualquier cargo que sea asignado, Windul, es el que se encarga de notificar a los padres mediante correo electr\u00f3nico o mensaje SMS.[\/vc_column_text]<\/div><\/div><\/div><div class=\"panel panel-default \"><div class=\"panel-heading\"><h4 class=\"panel-title\"> <a href=\"#69e13408e97c0-1\" class=\"collapsed\" data-toggle=\"collapse\" aria-expanded=\"true\">Widubucks Admisiones<\/a><\/h4><\/div><div id=\"69e13408e97c0-1\" class=\"panel-collapse collapse\"><div class=\"panel-content\">[vc_column_text css=\u00bb.vc_custom_1600096063011{margin-bottom: 0px !important;padding-bottom: 0px !important;}\u00bb]La herramienta que todo departamento de admisiones necesita, comienza a cargar esas facturas desde el primer contacto de los estudiantes o posibles estudiantes de tu Escuela. Si necesitas someter a un estudiante a un examen de admisi\u00f3n, cargar el valor de membresias de cuotas \u00fanicas, esta es la herramienta pensada para ti. Nuestro modulo especial para admisiones puede administrar y crear planes de financiamiento gestionandolos de una forma eficaz, para que el personal de admisiones se preocupe por lo que realmente importa&#8230; enfocarse en los nuevos posibles estudiantes interesados en la Escuela.[\/vc_column_text]<\/div><\/div><\/div><div class=\"panel panel-default \"><div class=\"panel-heading\"><h4 class=\"panel-title\"> <a href=\"#69e13408e97c0-2\" class=\"collapsed\" data-toggle=\"collapse\" aria-expanded=\"true\">Widubucks Eventos<\/a><\/h4><\/div><div id=\"69e13408e97c0-2\" class=\"panel-collapse collapse\"><div class=\"panel-content\">[vc_column_text css=\u00bb.vc_custom_1600095194476{margin-bottom: 0px !important;padding-bottom: 0px !important;}\u00bb]Planifica y realiza eventos de cualquier tipo con la cobertura de Windul, permite a tus padres de familia comprar entradas a conciertos, dramas, bailes, eventos deportivos y m\u00e1s. Cuente f\u00e1cilmente la asistencia con nuestra aplicaci\u00f3n de escaneo de boletos, permitiendo a su Escuela llevar un control de quien puede ingresar o no a un evento y obtener n\u00fameros de asistencia en tiempo real, evitando cualquier tipo de fraude.[\/vc_column_text]<\/div><\/div><\/div><div class=\"panel panel-default \"><div class=\"panel-heading\"><h4 class=\"panel-title\"> <a href=\"#69e13408e97c0-3\" class=\"collapsed\" data-toggle=\"collapse\" aria-expanded=\"true\">Widubucks Summer Camp<\/a><\/h4><\/div><div id=\"69e13408e97c0-3\" class=\"panel-collapse collapse\"><div class=\"panel-content\">[vc_column_text css=\u00bb.vc_custom_1600096490532{margin-bottom: 0px !important;padding-bottom: 0px !important;}\u00bb]Involucre a los estudiantes y padres de familia en l\u00ednea brind\u00e1ndoles acceso las 24 horas, los 7 d\u00edas de la semana para registrarse e inscribirse a trav\u00e9s de formularios personalizados, nuestra aplicaci\u00f3n en l\u00ednea es compatible con dispositivos m\u00f3viles, intuitiva y f\u00e1cil de usar. Elimina todas aquellas llamadas y correos electr\u00f3nicos para inscripciones enviados al personal administrativo. Podr\u00e1s personalizar, configurar todos los programas deportivos o educativos de un Campamento de Verano o Vacacional con sus respectivo horario, duraci\u00f3n y valor.[\/vc_column_text]<\/div><\/div><\/div><div class=\"panel panel-default \"><div class=\"panel-heading\"><h4 class=\"panel-title\"> <a href=\"#69e13408e97c0-4\" class=\"collapsed\" data-toggle=\"collapse\" aria-expanded=\"true\">Widubucks Viajes<\/a><\/h4><\/div><div id=\"69e13408e97c0-4\" class=\"panel-collapse collapse\"><div class=\"panel-content\">[vc_column_text]Permite a tus padres inscribirse, pagar los servicios para un determinado viaje a realizarse por tu escuela dentro o fuera del pa\u00eds. Nuestro modulo desarrollado para viajes permite dos opciones para cargar los valores a pagar; 1. Personal administrativo asigna los servicios (vuelo, hotel, alimentaci\u00f3n, etc) 2. El padre de familia selecciona el tipo de habitaci\u00f3n, vuelo, alimentaci\u00f3n y luego completa el pago.<\/p>\n<p>Toda la informaci\u00f3n centralizada y gestionada con sus respectivos reportes que ayudaran a tener un mejor control.[\/vc_column_text]<\/div><\/div><\/div><\/div>[\/vc_column][\/vc_row]<\/p>\n","protected":false},"excerpt":{"rendered":"[vc_row full_width=\u00bbstretch_row\u00bb overlay_dotted=\u00bb\u00bb css=\u00bb.vc_custom_1600262721077{padding-top: 6% !important;padding-bottom: 0% !important;background-color: #f9f9f9 !important;}\u00bb][vc_column][\/vc_column][\/vc_row][vc_row full_width=\u00bbstretch_row\u00bb content_placement=\u00bbmiddle\u00bb overlay_dotted=\u00bb\u00bb css=\u00bb.vc_custom_1600262735226{padding-top: 5% !important;padding-bottom: 15% !important;padding-left: 0px !important;}\u00bb][vc_column text_alignment=\u00bbtext-center\u00bb offset=\u00bbvc_col-lg-6 vc_col-md-12&#8243;][\/vc_column][vc_column offset=\u00bbvc_col-lg-6 vc_col-md-12&#8243;][\/vc_column][\/vc_row]","protected":false},"author":2,"featured_media":0,"parent":0,"menu_order":0,"comment_status":"closed","ping_status":"closed","template":"","meta":[],"yoast_head":"<!-- This site is optimized with the Yoast SEO plugin v14.9 - https:\/\/yoast.com\/wordpress\/plugins\/seo\/ -->\n<title>Widubucks - Windul<\/title>\n<meta name=\"robots\" content=\"index, follow, max-snippet:-1, max-image-preview:large, max-video-preview:-1\" \/>\n<link rel=\"canonical\" href=\"https:\/\/widupay.com\/windul\/widubucks\/\" \/>\n<meta property=\"og:locale\" content=\"es_ES\" \/>\n<meta property=\"og:type\" content=\"article\" \/>\n<meta property=\"og:title\" content=\"Widubucks - Windul\" \/>\n<meta property=\"og:description\" content=\"[vc_row full_width=\u00bbstretch_row\u00bb overlay_dotted=\u00bb\u00bb css=\u00bb.vc_custom_1600262721077{padding-top: 6% !important;padding-bottom: 0% !important;background-color: #f9f9f9 !important;}\u00bb][vc_column][\/vc_column][\/vc_row][vc_row full_width=\u00bbstretch_row\u00bb content_placement=\u00bbmiddle\u00bb overlay_dotted=\u00bb\u00bb css=\u00bb.vc_custom_1600262735226{padding-top: 5% !important;padding-bottom: 15% !important;padding-left: 0px !important;}\u00bb][vc_column text_alignment=\u00bbtext-center\u00bb offset=\u00bbvc_col-lg-6 vc_col-md-12&#8243;][\/vc_column][vc_column offset=\u00bbvc_col-lg-6 vc_col-md-12&#8243;][\/vc_column][\/vc_row]\" \/>\n<meta property=\"og:url\" content=\"https:\/\/widupay.com\/windul\/widubucks\/\" \/>\n<meta property=\"og:site_name\" content=\"Windul\" \/>\n<meta property=\"article:publisher\" content=\"https:\/\/www.facebook.com\/windulapp\" \/>\n<meta property=\"article:modified_time\" content=\"2020-09-16T13:25:39+00:00\" \/>\n<meta name=\"twitter:card\" content=\"summary_large_image\" \/>\n<script type=\"application\/ld+json\" class=\"yoast-schema-graph\">{\"@context\":\"https:\/\/schema.org\",\"@graph\":[{\"@type\":\"Organization\",\"@id\":\"https:\/\/widupay.com\/windul\/#organization\",\"name\":\"Widupay\",\"url\":\"https:\/\/widupay.com\/windul\/\",\"sameAs\":[\"https:\/\/www.facebook.com\/windulapp\",\"https:\/\/www.instagram.com\/windulapp\/\"],\"logo\":{\"@type\":\"ImageObject\",\"@id\":\"https:\/\/widupay.com\/windul\/#logo\",\"inLanguage\":\"es\",\"url\":\"https:\/\/widupay.com\/windul\/wp-content\/uploads\/sites\/2\/2020\/09\/widupay_2x.png\",\"width\":250,\"height\":80,\"caption\":\"Widupay\"},\"image\":{\"@id\":\"https:\/\/widupay.com\/windul\/#logo\"}},{\"@type\":\"WebSite\",\"@id\":\"https:\/\/widupay.com\/windul\/#website\",\"url\":\"https:\/\/widupay.com\/windul\/\",\"name\":\"Windul\",\"description\":\"Aplicaci\\u00f3n de facturaci\\u00f3n y pagos en linea para escuelas\",\"publisher\":{\"@id\":\"https:\/\/widupay.com\/windul\/#organization\"},\"potentialAction\":[{\"@type\":\"SearchAction\",\"target\":\"https:\/\/widupay.com\/windul\/?s={search_term_string}\",\"query-input\":\"required name=search_term_string\"}],\"inLanguage\":\"es\"},{\"@type\":\"WebPage\",\"@id\":\"https:\/\/widupay.com\/windul\/widubucks\/#webpage\",\"url\":\"https:\/\/widupay.com\/windul\/widubucks\/\",\"name\":\"Widubucks - Windul\",\"isPartOf\":{\"@id\":\"https:\/\/widupay.com\/windul\/#website\"},\"datePublished\":\"2020-09-11T05:04:36+00:00\",\"dateModified\":\"2020-09-16T13:25:39+00:00\",\"inLanguage\":\"es\",\"potentialAction\":[{\"@type\":\"ReadAction\",\"target\":[\"https:\/\/widupay.com\/windul\/widubucks\/\"]}]}]}<\/script>\n<!-- \/ Yoast SEO plugin. -->","_links":{"self":[{"href":"https:\/\/widupay.com\/windul\/wp-json\/wp\/v2\/pages\/4089"}],"collection":[{"href":"https:\/\/widupay.com\/windul\/wp-json\/wp\/v2\/pages"}],"about":[{"href":"https:\/\/widupay.com\/windul\/wp-json\/wp\/v2\/types\/page"}],"author":[{"embeddable":true,"href":"https:\/\/widupay.com\/windul\/wp-json\/wp\/v2\/users\/2"}],"replies":[{"embeddable":true,"href":"https:\/\/widupay.com\/windul\/wp-json\/wp\/v2\/comments?post=4089"}],"version-history":[{"count":14,"href":"https:\/\/widupay.com\/windul\/wp-json\/wp\/v2\/pages\/4089\/revisions"}],"predecessor-version":[{"id":4459,"href":"https:\/\/widupay.com\/windul\/wp-json\/wp\/v2\/pages\/4089\/revisions\/4459"}],"wp:attachment":[{"href":"https:\/\/widupay.com\/windul\/wp-json\/wp\/v2\/media?parent=4089"}],"curies":[{"name":"wp","href":"https:\/\/api.w.org\/{rel}","templated":true}]}}