{"id":4087,"date":"2020-09-11T05:03:58","date_gmt":"2020-09-11T05:03:58","guid":{"rendered":"https:\/\/widupay.com\/windul\/?page_id=4087"},"modified":"2020-09-14T14:17:22","modified_gmt":"2020-09-14T14:17:22","slug":"widuclick","status":"publish","type":"page","link":"https:\/\/widupay.com\/windul\/widuclick\/","title":{"rendered":"Widuclick"},"content":{"rendered":"<p>[vc_row full_width=\u00bbstretch_row\u00bb overlay_dotted=\u00bb\u00bb css=\u00bb.vc_custom_1547023961078{padding-top: 6% !important;padding-bottom: 9% !important;background-color: #f9f9f9 !important;}\u00bb][vc_column]<section class=\"hanor-promo toggle-align hanor-promo-69e133eea85ef \">\n                <div class=\"promo-item\">\n                  <div class=\"row\">\n                    <div class=\"col-md-7 hanor-item promo-primary\">\n                      <div class=\"hanor-table-wrap\">\n                        <div class=\"hanor-align-wrap\">\n                          <div class=\"hanor-image\"><img src=\"https:\/\/widupay.com\/windul\/wp-content\/uploads\/sites\/2\/2020\/09\/windul_Widuclick.png\" alt=\"\"><\/div>\n                        <\/div>\n                      <\/div>\n                    <\/div>\n                    <div class=\"col-md-5 hanor-item promo-secondary\">\n                      <div class=\"hanor-table-wrap\">\n                        <div class=\"hanor-align-wrap\">\n                          <div class=\"promo-info\"><i class=\"fa fa-credit-card\" aria-hidden=\"true\"><\/i><h2 class=\"promo-title\">Cobra por mail, chat y redes sociales<\/h2><p>Ampl\u00eda el alcance de tu Escuela recibiendo pagos de tarjeta de cr\u00e9dito, d\u00e9bito desde redes sociales, chats y correo electr\u00f3nico. Una soluci\u00f3n que es m\u00e1s que un enlace de pago, vende y cobra desde cualquier canal que permita pegar un link (Ejemplo: WhatsApp, Skype, Facebook, Instagram, Twitter, Pinterest, SMS, etc.). Por cada factura o cargo que emitas a tus estudiantes, padres de familia o clientes Windul crear\u00e1 autom\u00e1ticamente un Widuclick para que lo puedas compartir. Al momento de recibir la transacci\u00f3n esta se aplicara autom\u00e1ticamente y rebajara el saldo de la factura.<\/p>\n<\/div>\n                        <\/div>\n                      <\/div>\n                    <\/div>\n                  <\/div>\n                <\/div>\n              <\/section>[\/vc_column][\/vc_row][vc_row overlay_dotted=\u00bb\u00bb css=\u00bb.vc_custom_1544437940194{padding-top: 9% !important;padding-bottom: 0px !important;}\u00bb][vc_column text_alignment=\u00bbtext-left\u00bb css=\u00bb.vc_custom_1547022595221{padding-top: 30px !important;padding-bottom: 30px !important;}\u00bb offset=\u00bbvc_col-lg-6 vc_col-md-6&#8243;]<div class=\"hanor-section-title section-title-one hanor-stitle-69e133eea8895-que-nada-te-detenga-suma-este-nuevo-canal-e-impulsa-tus-cobros cpation-left \"><h2 class=\"section-title\">\u00a1Que nada te detenga! Sum\u00e1 este nuevo canal e impuls\u00e1 tus cobros<\/h2><\/div>[vc_column_text css=\u00bb.vc_custom_1599928706518{margin-bottom: 0px !important;}\u00bb]Estamos dedicados a producir valor medido y resultados de calidad. Con Widuclick sabr\u00e1s en todo momento las transacciones que han recibido cada uno de tus enlaces.\u00a0 Podr\u00e1s poner limites de transacciones permitidas o monto a recaudar por enlace.<\/p>\n<p>Reciba pagos directamente desde redes sociales o e-mail. Sus clientes al presionar el bot\u00f3n de pagos son redireccionados a nuestro sitio seguro Windul. Podr\u00e1s crear un Widuclick directamente desde una factura para enviarla a un cliente determinado para solicitar el pago para la factura, al momento que el cliente realice el pago autom\u00e1ticamente se aplicara el monto pagado al saldo, de esta forma tu Escuela se olvida de conciliar las transacciones recibidas por internet.[\/vc_column_text][\/vc_column][vc_column offset=\u00bbvc_col-lg-6 vc_col-md-6&#8243;][vc_single_image image=\u00bb4302&#8243; img_size=\u00bbfull\u00bb alignment=\u00bbcenter\u00bb css=\u00bb.vc_custom_1599928520811{margin-bottom: 0px !important;}\u00bb][\/vc_column][\/vc_row][vc_row full_width=\u00bbstretch_row_content_no_spaces\u00bb overlay_dotted=\u00bb\u00bb][vc_column]<div class=\"hanor-callout  callout-style-one hanor-cta-69e133eea891c\"><div class=\"container\"><h2 class=\"callout-title\">Una opci\u00f3n m\u00e1s para aceptar pagos en l\u00ednea para tus cobros de Escuela<\/h2><\/div><\/div>[\/vc_column][\/vc_row][vc_row overlay_dotted=\u00bb\u00bb css=\u00bb.vc_custom_1547022652807{padding-top: 10% !important;padding-bottom: 4% !important;}\u00bb][vc_column]<div class=\"hanor-section-title section-title-one hanor-stitle-69e133eea893c-otros-beneficios cpation-center \"><h2 class=\"section-title\">Otros beneficios<\/h2><p>Solo necesitas tener una cuenta activa en Windul, para empezar a recibir pagos de forma segura y simple. A trav\u00e9s de esta opci\u00f3n tus clientes y padres de familia podr\u00e1n realizar pagos de servicios con un valor \u00fanico; por ejemplo pago de cursos, inscripciones, promociones temporales, afiliaciones, o cualquier otro cargo que requieras.<\/p><\/div>[vc_row_inner][vc_column_inner offset=\u00bbvc_col-lg-4 vc_col-md-4&#8243;]<div class=\"hanor-services services-style-five hanor-service-69e133eea8994     hide-border\"><div class=\"service-item hanor-item\"><div class=\"hanor-icon-image hanor-image\"><\/div><div class=\"service-info\"><h4 class=\"service-title\"><a href=\"#0\" target=\"_self\">Sin restricciones<\/a><\/h4><p>Tus clientes y padres de familia no tendr\u00e1n restricciones de pago ya que podr\u00e1s aceptar todas las marcas de tarjetas de cr\u00e9dito y d\u00e9bito de cualquier banco local e internacional<\/p>\n<\/div><\/div><\/div>[\/vc_column_inner][vc_column_inner offset=\u00bbvc_col-lg-4 vc_col-md-4&#8243;]<div class=\"hanor-services services-style-five hanor-service-69e133eea89ec     hide-border\"><div class=\"service-item hanor-item\"><div class=\"hanor-icon-image hanor-image\"><\/div><div class=\"service-info\"><h4 class=\"service-title\"><a href=\"#0\" target=\"_self\">Siempre seguro<\/a><\/h4><p>Cumplimos los est\u00e1ndares m\u00e1s altos de seguridad: <strong>PCI DSS nivel 1<\/strong>. Ademas todas las transacciones cumplen con un control que minimiza el riesgo de fraude con 3D Secure (Visa y Mastercard). Para una protecci\u00f3n adicional contra el fraude, 3D Secure requiere que los clientes completen un paso de verificaci\u00f3n adicional con el emisor de la tarjeta al pagar.<\/p>\n<\/div><\/div><\/div>[\/vc_column_inner][vc_column_inner offset=\u00bbvc_col-lg-4 vc_col-md-4&#8243;]<div class=\"hanor-services services-style-five hanor-service-69e133eea8a1c     hide-border\"><div class=\"service-item hanor-item\"><div class=\"hanor-icon-image hanor-image\"><\/div><div class=\"service-info\"><h4 class=\"service-title\"><a href=\"#0\" target=\"_self\">Control total<\/a><\/h4><p>Informaci\u00f3n de todas las transacciones recibidas por cada enlace de pago, podr\u00e1s crear y enviar enlaces de pago de forma ilimitada, esto no representara cargos adicionales. Widuclick esta incluido de forma gratuita en cada uno de nuestros planes de Windul.<\/p>\n<\/div><\/div><\/div>[\/vc_column_inner][\/vc_row_inner][\/vc_column][\/vc_row]<\/p>\n","protected":false},"excerpt":{"rendered":"[vc_row full_width=\u00bbstretch_row\u00bb overlay_dotted=\u00bb\u00bb css=\u00bb.vc_custom_1547023961078{padding-top: 6% !important;padding-bottom: 9% !important;background-color: #f9f9f9 !important;}\u00bb][vc_column][\/vc_column][\/vc_row][vc_row overlay_dotted=\u00bb\u00bb css=\u00bb.vc_custom_1544437940194{padding-top: 9% !important;padding-bottom: 0px !important;}\u00bb][vc_column text_alignment=\u00bbtext-left\u00bb css=\u00bb.vc_custom_1547022595221{padding-top: 30px !important;padding-bottom: 30px !important;}\u00bb offset=\u00bbvc_col-lg-6 vc_col-md-6&#8243;][vc_column_text css=\u00bb.vc_custom_1599928706518{margin-bottom: 0px !important;}\u00bb]Estamos dedicados a producir valor medido y resultados de calidad. Con Widuclick sabr\u00e1s en todo momento las transacciones que han recibido cada uno de tus enlaces.\u00a0 Podr\u00e1s poner limites&#8230;","protected":false},"author":2,"featured_media":0,"parent":0,"menu_order":0,"comment_status":"closed","ping_status":"closed","template":"","meta":[],"yoast_head":"<!-- This site is optimized with the Yoast SEO plugin v14.9 - https:\/\/yoast.com\/wordpress\/plugins\/seo\/ -->\n<title>Widuclick - Windul<\/title>\n<meta name=\"robots\" content=\"index, follow, max-snippet:-1, max-image-preview:large, max-video-preview:-1\" \/>\n<link rel=\"canonical\" href=\"https:\/\/widupay.com\/windul\/widuclick\/\" \/>\n<meta property=\"og:locale\" content=\"es_ES\" \/>\n<meta property=\"og:type\" content=\"article\" \/>\n<meta property=\"og:title\" content=\"Widuclick - Windul\" \/>\n<meta property=\"og:description\" content=\"[vc_row full_width=\u00bbstretch_row\u00bb overlay_dotted=\u00bb\u00bb css=\u00bb.vc_custom_1547023961078{padding-top: 6% !important;padding-bottom: 9% !important;background-color: #f9f9f9 !important;}\u00bb][vc_column][\/vc_column][\/vc_row][vc_row overlay_dotted=\u00bb\u00bb css=\u00bb.vc_custom_1544437940194{padding-top: 9% !important;padding-bottom: 0px !important;}\u00bb][vc_column text_alignment=\u00bbtext-left\u00bb css=\u00bb.vc_custom_1547022595221{padding-top: 30px !important;padding-bottom: 30px !important;}\u00bb offset=\u00bbvc_col-lg-6 vc_col-md-6&#8243;][vc_column_text css=\u00bb.vc_custom_1599928706518{margin-bottom: 0px !important;}\u00bb]Estamos dedicados a producir valor medido y resultados de calidad. Con Widuclick sabr\u00e1s en todo momento las transacciones que han recibido cada uno de tus enlaces.\u00a0 Podr\u00e1s poner limites...\" \/>\n<meta property=\"og:url\" content=\"https:\/\/widupay.com\/windul\/widuclick\/\" \/>\n<meta property=\"og:site_name\" content=\"Windul\" \/>\n<meta property=\"article:publisher\" content=\"https:\/\/www.facebook.com\/windulapp\" \/>\n<meta property=\"article:modified_time\" content=\"2020-09-14T14:17:22+00:00\" \/>\n<meta name=\"twitter:card\" content=\"summary_large_image\" \/>\n<script type=\"application\/ld+json\" class=\"yoast-schema-graph\">{\"@context\":\"https:\/\/schema.org\",\"@graph\":[{\"@type\":\"Organization\",\"@id\":\"https:\/\/widupay.com\/windul\/#organization\",\"name\":\"Widupay\",\"url\":\"https:\/\/widupay.com\/windul\/\",\"sameAs\":[\"https:\/\/www.facebook.com\/windulapp\",\"https:\/\/www.instagram.com\/windulapp\/\"],\"logo\":{\"@type\":\"ImageObject\",\"@id\":\"https:\/\/widupay.com\/windul\/#logo\",\"inLanguage\":\"es\",\"url\":\"https:\/\/widupay.com\/windul\/wp-content\/uploads\/sites\/2\/2020\/09\/widupay_2x.png\",\"width\":250,\"height\":80,\"caption\":\"Widupay\"},\"image\":{\"@id\":\"https:\/\/widupay.com\/windul\/#logo\"}},{\"@type\":\"WebSite\",\"@id\":\"https:\/\/widupay.com\/windul\/#website\",\"url\":\"https:\/\/widupay.com\/windul\/\",\"name\":\"Windul\",\"description\":\"Aplicaci\\u00f3n de facturaci\\u00f3n y pagos en linea para escuelas\",\"publisher\":{\"@id\":\"https:\/\/widupay.com\/windul\/#organization\"},\"potentialAction\":[{\"@type\":\"SearchAction\",\"target\":\"https:\/\/widupay.com\/windul\/?s={search_term_string}\",\"query-input\":\"required name=search_term_string\"}],\"inLanguage\":\"es\"},{\"@type\":\"WebPage\",\"@id\":\"https:\/\/widupay.com\/windul\/widuclick\/#webpage\",\"url\":\"https:\/\/widupay.com\/windul\/widuclick\/\",\"name\":\"Widuclick - Windul\",\"isPartOf\":{\"@id\":\"https:\/\/widupay.com\/windul\/#website\"},\"datePublished\":\"2020-09-11T05:03:58+00:00\",\"dateModified\":\"2020-09-14T14:17:22+00:00\",\"inLanguage\":\"es\",\"potentialAction\":[{\"@type\":\"ReadAction\",\"target\":[\"https:\/\/widupay.com\/windul\/widuclick\/\"]}]}]}<\/script>\n<!-- \/ Yoast SEO plugin. -->","_links":{"self":[{"href":"https:\/\/widupay.com\/windul\/wp-json\/wp\/v2\/pages\/4087"}],"collection":[{"href":"https:\/\/widupay.com\/windul\/wp-json\/wp\/v2\/pages"}],"about":[{"href":"https:\/\/widupay.com\/windul\/wp-json\/wp\/v2\/types\/page"}],"author":[{"embeddable":true,"href":"https:\/\/widupay.com\/windul\/wp-json\/wp\/v2\/users\/2"}],"replies":[{"embeddable":true,"href":"https:\/\/widupay.com\/windul\/wp-json\/wp\/v2\/comments?post=4087"}],"version-history":[{"count":16,"href":"https:\/\/widupay.com\/windul\/wp-json\/wp\/v2\/pages\/4087\/revisions"}],"predecessor-version":[{"id":4322,"href":"https:\/\/widupay.com\/windul\/wp-json\/wp\/v2\/pages\/4087\/revisions\/4322"}],"wp:attachment":[{"href":"https:\/\/widupay.com\/windul\/wp-json\/wp\/v2\/media?parent=4087"}],"curies":[{"name":"wp","href":"https:\/\/api.w.org\/{rel}","templated":true}]}}