{"id":4084,"date":"2020-09-11T05:02:23","date_gmt":"2020-09-11T05:02:23","guid":{"rendered":"https:\/\/widupay.com\/windul\/?page_id=4084"},"modified":"2020-09-18T01:16:12","modified_gmt":"2020-09-18T07:16:12","slug":"pagos-en-linea","status":"publish","type":"page","link":"https:\/\/widupay.com\/windul\/pagos-en-linea\/","title":{"rendered":"Pagos en L\u00ednea"},"content":{"rendered":"<p>[vc_row full_width=\u00bbstretch_row\u00bb overlay_dotted=\u00bb\u00bb css=\u00bb.vc_custom_1547023961078{padding-top: 6% !important;padding-bottom: 9% !important;background-color: #f9f9f9 !important;}\u00bb][vc_column]<section class=\"hanor-promo toggle-align hanor-promo-69e1342291884 \">\n                <div class=\"promo-item\">\n                  <div class=\"row\">\n                    <div class=\"col-md-7 hanor-item promo-primary\">\n                      <div class=\"hanor-table-wrap\">\n                        <div class=\"hanor-align-wrap\">\n                          <div class=\"hanor-image\"><img src=\"https:\/\/widupay.com\/windul\/wp-content\/uploads\/sites\/2\/2020\/09\/windulStatement.png\" alt=\"\"><\/div>\n                        <\/div>\n                      <\/div>\n                    <\/div>\n                    <div class=\"col-md-5 hanor-item promo-secondary\">\n                      <div class=\"hanor-table-wrap\">\n                        <div class=\"hanor-align-wrap\">\n                          <div class=\"promo-info\"><i class=\"fa fa-credit-card\" aria-hidden=\"true\"><\/i><h2 class=\"promo-title\">Nuevas experiencias, recaudaci\u00f3n \u00fanica de pagos<\/h2><p>Simplifique el pago, la recaudaci\u00f3n de todos los cargos que asignes a tus estudiantes permitiendo acceso a tus padres de familia una plataforma exclusiva donde podr\u00e1n realizar los pagos de forma c\u00f3moda, r\u00e1pida y segura. Tambi\u00e9n facilita a los padres el seguimiento, la gesti\u00f3n e inscripciones a eventos, campamentos de verano, cursos o actividades extracurriculares. Es momento de brindar una nueva experiencia de pago a tu comunidad.<\/p>\n<\/div>\n                        <\/div>\n                      <\/div>\n                    <\/div>\n                  <\/div>\n                <\/div>\n              <\/section>[\/vc_column][\/vc_row][vc_row overlay_dotted=\u00bb\u00bb css=\u00bb.vc_custom_1600098202986{padding-top: 9% !important;padding-bottom: 5% !important;}\u00bb][vc_column text_alignment=\u00bbtext-left\u00bb css=\u00bb.vc_custom_1547022595221{padding-top: 30px !important;padding-bottom: 30px !important;}\u00bb offset=\u00bbvc_col-lg-6 vc_col-md-6&#8243;]<div class=\"hanor-section-title section-title-one hanor-stitle-69e1342291b3d-maxima-satisfaccion-con-la-minima-preocupacion cpation-left \"><h2 class=\"section-title\">M\u00e1xima satisfacci\u00f3n con la m\u00ednima preocupaci\u00f3n<\/h2><\/div>[vc_column_text css=\u00bb.vc_custom_1600413225048{margin-bottom: 0px !important;}\u00bb]En t\u00e9rminos de seguridad y confianza, todas las transacciones en Windul son realizadas de forma segura, no guardamos ning\u00fan dato de las tarjetas de cr\u00e9dito, contamos con 3D Secure el protocolo de autentifican para tarjetas no presentes de Visa y Mastercard para evitar actividades fraudulentas,\u00a0<b>adem\u00e1s cumplimos los est\u00e1ndares m\u00e1s altos de seguridad:<\/b><br \/>\n<strong>PCI DSS nivel 1<\/strong>.[\/vc_column_text][\/vc_column][vc_column offset=\u00bbvc_col-lg-6 vc_col-md-6&#8243;][vc_single_image image=\u00bb4320&#8243; img_size=\u00bbfull\u00bb alignment=\u00bbcenter\u00bb css=\u00bb.vc_custom_1600092773903{margin-bottom: 0px !important;}\u00bb][\/vc_column][\/vc_row][vc_row full_width=\u00bbstretch_row_content_no_spaces\u00bb overlay_dotted=\u00bb\u00bb][vc_column]<div class=\"hanor-callout  callout-style-one hanor-cta-69e1342291c06\"><div class=\"container\"><h2 class=\"callout-title\">M\u00faltiples opciones para aceptar pagos en l\u00ednea para tus cobros de Escuela<\/h2><\/div><\/div>[\/vc_column][\/vc_row][vc_row overlay_dotted=\u00bb\u00bb css=\u00bb.vc_custom_1547022652807{padding-top: 10% !important;padding-bottom: 4% !important;}\u00bb][vc_column]<div class=\"hanor-section-title section-title-one hanor-stitle-69e1342291c2e-otros-beneficios cpation-center \"><h2 class=\"section-title\">Otros beneficios<\/h2><p>Ofrece a todos los padres de familia un portal exclusivo de pagos en l\u00ednea, el objetivo de cobrar se logra sin olvidar el aporte de confianza que un padre necesita para su experiencia de pago en l\u00ednea, sobretodo en la etapa que mayor atenci\u00f3n y cuidado requiere: el momento del pago. Windul es una aplicaci\u00f3n intuitiva y, en esa misma medida, el pago tambi\u00e9n lo es.<\/p><\/div>[vc_row_inner][vc_column_inner offset=\u00bbvc_col-lg-4 vc_col-md-4&#8243;]<div class=\"hanor-services services-style-five hanor-service-69e1342291cbe     hide-border\"><div class=\"service-item hanor-item\"><div class=\"hanor-icon-image hanor-image\"><\/div><div class=\"service-info\"><h4 class=\"service-title\"><a href=\"#0\" target=\"_self\">Sin restricciones<\/a><\/h4><p>Tus clientes y padres de familia no tendr\u00e1n restricciones de pago ya que podr\u00e1s aceptar todas las marcas de tarjetas de cr\u00e9dito y d\u00e9bito de cualquier banco local e internacional<\/p>\n<\/div><\/div><\/div>[\/vc_column_inner][vc_column_inner offset=\u00bbvc_col-lg-4 vc_col-md-4&#8243;]<div class=\"hanor-services services-style-five hanor-service-69e1342291d4f     hide-border\"><div class=\"service-item hanor-item\"><div class=\"hanor-icon-image hanor-image\"><\/div><div class=\"service-info\"><h4 class=\"service-title\"><a href=\"#0\" target=\"_self\">Siempre seguro<\/a><\/h4><p>Cumplimos los est\u00e1ndares m\u00e1s altos de seguridad: <strong>PCI DSS nivel 1<\/strong>. Adem\u00e1s todas las transacciones cumplen con un control que minimiza el riesgo de fraude con 3D Secure (Visa y Mastercard). Para una protecci\u00f3n adicional contra el fraude, 3D Secure requiere que los clientes completen un paso de verificaci\u00f3n adicional con el emisor de la tarjeta al pagar.<\/p>\n<\/div><\/div><\/div>[\/vc_column_inner][vc_column_inner offset=\u00bbvc_col-lg-4 vc_col-md-4&#8243;]<div class=\"hanor-services services-style-five hanor-service-69e1342291db9     hide-border\"><div class=\"service-item hanor-item\"><div class=\"hanor-icon-image hanor-image\"><\/div><div class=\"service-info\"><h4 class=\"service-title\"><a href=\"#0\" target=\"_self\">Control total<\/a><\/h4><p>Informaci\u00f3n en tiempo real de todas las transacciones realizadas por los padres de familia en el portal exclusivo de tu Escuela, cada transacci\u00f3n realizada se aplicara autom\u00e1ticamente a la factura que esta pagando, de esta forma rebaja el saldo de la misma. Tu tienes el control en todo momento, informaci\u00f3n al d\u00eda y gesti\u00f3n eficaz de tu cuenta por cobrar.<\/p>\n<\/div><\/div><\/div>[\/vc_column_inner][\/vc_row_inner][\/vc_column][\/vc_row]<\/p>\n","protected":false},"excerpt":{"rendered":"[vc_row full_width=\u00bbstretch_row\u00bb overlay_dotted=\u00bb\u00bb css=\u00bb.vc_custom_1547023961078{padding-top: 6% !important;padding-bottom: 9% !important;background-color: #f9f9f9 !important;}\u00bb][vc_column][\/vc_column][\/vc_row][vc_row overlay_dotted=\u00bb\u00bb css=\u00bb.vc_custom_1600098202986{padding-top: 9% !important;padding-bottom: 5% !important;}\u00bb][vc_column text_alignment=\u00bbtext-left\u00bb css=\u00bb.vc_custom_1547022595221{padding-top: 30px !important;padding-bottom: 30px !important;}\u00bb offset=\u00bbvc_col-lg-6 vc_col-md-6&#8243;][vc_column_text css=\u00bb.vc_custom_1600413225048{margin-bottom: 0px !important;}\u00bb]En t\u00e9rminos de seguridad y confianza, todas las transacciones en Windul son realizadas de forma segura, no guardamos ning\u00fan dato de las tarjetas de cr\u00e9dito, contamos con 3D Secure&#8230;","protected":false},"author":2,"featured_media":0,"parent":0,"menu_order":0,"comment_status":"closed","ping_status":"closed","template":"","meta":[],"yoast_head":"<!-- This site is optimized with the Yoast SEO plugin v14.9 - https:\/\/yoast.com\/wordpress\/plugins\/seo\/ -->\n<title>Pagos en L\u00ednea - Windul<\/title>\n<meta name=\"robots\" content=\"index, follow, max-snippet:-1, max-image-preview:large, max-video-preview:-1\" \/>\n<link rel=\"canonical\" href=\"https:\/\/widupay.com\/windul\/pagos-en-linea\/\" \/>\n<meta property=\"og:locale\" content=\"es_ES\" \/>\n<meta property=\"og:type\" content=\"article\" \/>\n<meta property=\"og:title\" content=\"Pagos en L\u00ednea - Windul\" \/>\n<meta property=\"og:description\" content=\"[vc_row full_width=\u00bbstretch_row\u00bb overlay_dotted=\u00bb\u00bb css=\u00bb.vc_custom_1547023961078{padding-top: 6% !important;padding-bottom: 9% !important;background-color: #f9f9f9 !important;}\u00bb][vc_column][\/vc_column][\/vc_row][vc_row overlay_dotted=\u00bb\u00bb css=\u00bb.vc_custom_1600098202986{padding-top: 9% !important;padding-bottom: 5% !important;}\u00bb][vc_column text_alignment=\u00bbtext-left\u00bb css=\u00bb.vc_custom_1547022595221{padding-top: 30px !important;padding-bottom: 30px !important;}\u00bb offset=\u00bbvc_col-lg-6 vc_col-md-6&#8243;][vc_column_text css=\u00bb.vc_custom_1600413225048{margin-bottom: 0px !important;}\u00bb]En t\u00e9rminos de seguridad y confianza, todas las transacciones en Windul son realizadas de forma segura, no guardamos ning\u00fan dato de las tarjetas de cr\u00e9dito, contamos con 3D Secure...\" \/>\n<meta property=\"og:url\" content=\"https:\/\/widupay.com\/windul\/pagos-en-linea\/\" \/>\n<meta property=\"og:site_name\" content=\"Windul\" \/>\n<meta property=\"article:publisher\" content=\"https:\/\/www.facebook.com\/windulapp\" \/>\n<meta property=\"article:modified_time\" content=\"2020-09-18T07:16:12+00:00\" \/>\n<meta name=\"twitter:card\" content=\"summary_large_image\" \/>\n<script type=\"application\/ld+json\" class=\"yoast-schema-graph\">{\"@context\":\"https:\/\/schema.org\",\"@graph\":[{\"@type\":\"Organization\",\"@id\":\"https:\/\/widupay.com\/windul\/#organization\",\"name\":\"Widupay\",\"url\":\"https:\/\/widupay.com\/windul\/\",\"sameAs\":[\"https:\/\/www.facebook.com\/windulapp\",\"https:\/\/www.instagram.com\/windulapp\/\"],\"logo\":{\"@type\":\"ImageObject\",\"@id\":\"https:\/\/widupay.com\/windul\/#logo\",\"inLanguage\":\"es\",\"url\":\"https:\/\/widupay.com\/windul\/wp-content\/uploads\/sites\/2\/2020\/09\/widupay_2x.png\",\"width\":250,\"height\":80,\"caption\":\"Widupay\"},\"image\":{\"@id\":\"https:\/\/widupay.com\/windul\/#logo\"}},{\"@type\":\"WebSite\",\"@id\":\"https:\/\/widupay.com\/windul\/#website\",\"url\":\"https:\/\/widupay.com\/windul\/\",\"name\":\"Windul\",\"description\":\"Aplicaci\\u00f3n de facturaci\\u00f3n y pagos en linea para escuelas\",\"publisher\":{\"@id\":\"https:\/\/widupay.com\/windul\/#organization\"},\"potentialAction\":[{\"@type\":\"SearchAction\",\"target\":\"https:\/\/widupay.com\/windul\/?s={search_term_string}\",\"query-input\":\"required name=search_term_string\"}],\"inLanguage\":\"es\"},{\"@type\":\"WebPage\",\"@id\":\"https:\/\/widupay.com\/windul\/pagos-en-linea\/#webpage\",\"url\":\"https:\/\/widupay.com\/windul\/pagos-en-linea\/\",\"name\":\"Pagos en L\\u00ednea - Windul\",\"isPartOf\":{\"@id\":\"https:\/\/widupay.com\/windul\/#website\"},\"datePublished\":\"2020-09-11T05:02:23+00:00\",\"dateModified\":\"2020-09-18T07:16:12+00:00\",\"inLanguage\":\"es\",\"potentialAction\":[{\"@type\":\"ReadAction\",\"target\":[\"https:\/\/widupay.com\/windul\/pagos-en-linea\/\"]}]}]}<\/script>\n<!-- \/ Yoast SEO plugin. -->","_links":{"self":[{"href":"https:\/\/widupay.com\/windul\/wp-json\/wp\/v2\/pages\/4084"}],"collection":[{"href":"https:\/\/widupay.com\/windul\/wp-json\/wp\/v2\/pages"}],"about":[{"href":"https:\/\/widupay.com\/windul\/wp-json\/wp\/v2\/types\/page"}],"author":[{"embeddable":true,"href":"https:\/\/widupay.com\/windul\/wp-json\/wp\/v2\/users\/2"}],"replies":[{"embeddable":true,"href":"https:\/\/widupay.com\/windul\/wp-json\/wp\/v2\/comments?post=4084"}],"version-history":[{"count":17,"href":"https:\/\/widupay.com\/windul\/wp-json\/wp\/v2\/pages\/4084\/revisions"}],"predecessor-version":[{"id":4464,"href":"https:\/\/widupay.com\/windul\/wp-json\/wp\/v2\/pages\/4084\/revisions\/4464"}],"wp:attachment":[{"href":"https:\/\/widupay.com\/windul\/wp-json\/wp\/v2\/media?parent=4084"}],"curies":[{"name":"wp","href":"https:\/\/api.w.org\/{rel}","templated":true}]}}