{"id":4081,"date":"2020-09-11T05:00:12","date_gmt":"2020-09-11T05:00:12","guid":{"rendered":"https:\/\/widupay.com\/windul\/?page_id=4081"},"modified":"2020-09-19T17:41:58","modified_gmt":"2020-09-19T23:41:58","slug":"cuentas-por-cobrar","status":"publish","type":"page","link":"https:\/\/widupay.com\/windul\/cuentas-por-cobrar\/","title":{"rendered":"Cuentas por Cobrar"},"content":{"rendered":"<p>[vc_row full_width=\u00bbstretch_row\u00bb overlay_dotted=\u00bb\u00bb css=\u00bb.vc_custom_1547023961078{padding-top: 6% !important;padding-bottom: 9% !important;background-color: #f9f9f9 !important;}\u00bb][vc_column]<section class=\"hanor-promo toggle-align hanor-promo-69e134228e25d \">\n                <div class=\"promo-item\">\n                  <div class=\"row\">\n                    <div class=\"col-md-7 hanor-item promo-primary\">\n                      <div class=\"hanor-table-wrap\">\n                        <div class=\"hanor-align-wrap\">\n                          <div class=\"hanor-image\"><img src=\"https:\/\/widupay.com\/windul\/wp-content\/uploads\/sites\/2\/2020\/09\/WindulCXC.png\" alt=\"\"><\/div>\n                        <\/div>\n                      <\/div>\n                    <\/div>\n                    <div class=\"col-md-5 hanor-item promo-secondary\">\n                      <div class=\"hanor-table-wrap\">\n                        <div class=\"hanor-align-wrap\">\n                          <div class=\"promo-info\"><i class=\"fa fa-calendar\" aria-hidden=\"true\"><\/i><h2 class=\"promo-title\">Datos que fluyan f\u00e1cilmente entre cada m\u00f3dulo<\/h2><p>Windul le permite realizar una creaci\u00f3n de conocimientos basados \u200b\u200ben datos para mejorar la toma de decisiones. Obtenga informes, resumidos o detallados de su Cuenta por Cobrar clasificados por tipo Saldo, Escuela y Categor\u00edas. Imprimir y obtener un estado de cuenta de una familia es simple, realice un seguimiento al comportamiento de pagos de sus clientes. Nuestros pagos en linea le ayudan a ofrecer nuevos y m\u00faltiples canales para hacer la vida mas f\u00e1cil a su personal administrativo y padres de familia para recaudar cobros, de esta forma reduce el nivel de morosidad y gestiona en tiempo real su Cuenta por Cobrar.<\/p>\n<\/div>\n                        <\/div>\n                      <\/div>\n                    <\/div>\n                  <\/div>\n                <\/div>\n              <\/section>[\/vc_column][\/vc_row][vc_row full_width=\u00bbstretch_row\u00bb overlay_dotted=\u00bb\u00bb css=\u00bb.vc_custom_1547023761132{padding-top: 8% !important;padding-bottom: 11% !important;}\u00bb][vc_column]<section class=\"hanor-promo hanor-promo-69e134228e4df \">\n                <div class=\"promo-item\">\n                  <div class=\"row\">\n                    <div class=\"col-md-7 hanor-item promo-primary\">\n                      <div class=\"hanor-table-wrap\">\n                        <div class=\"hanor-align-wrap\">\n                          <div class=\"hanor-image\"><img src=\"https:\/\/widupay.com\/windul\/wp-content\/uploads\/sites\/2\/2020\/09\/windulCXCNotifications.png\" alt=\"\"><\/div>\n                        <\/div>\n                      <\/div>\n                    <\/div>\n                    <div class=\"col-md-5 hanor-item promo-secondary\">\n                      <div class=\"hanor-table-wrap\">\n                        <div class=\"hanor-align-wrap\">\n                          <div class=\"promo-info\"><i class=\"pe-7s-mail\" aria-hidden=\"true\"><\/i><h2 class=\"promo-title\">Envi\u00f3 de notificaciones<\/h2><p>M\u00faltiples opciones para gestionar la Cuenta por Cobrar, puedes enviar notificaciones por correo electr\u00f3nico basadas en tipo de saldos, categor\u00eda de saldos, por escuela o una familia en espec\u00edfico. Solicita a las familias el pago de sus saldos facilitando un <a href=\"https:\/\/widupay.com\/windul\/widuclick\/\">Widuclick <\/a>enviado por correo, mensaje de SMS, WhatsApp o cualquier otro medio que tu prefieras. Logrando de esta forma que la familia tambi\u00e9n pueda solicitar apoyo a alg\u00fan otro familiar o amigo que le ayude a realizar el pago de la colegiatura, factura o saldo pendiente.<\/p>\n<\/div>\n                        <\/div>\n                      <\/div>\n                    <\/div>\n                  <\/div>\n                <\/div>\n              <\/section>[\/vc_column][\/vc_row][vc_row overlay_dotted=\u00bb\u00bb css=\u00bb.vc_custom_1600106407120{padding-top: 2% !important;}\u00bb][vc_column]<div class=\"hanor-section-title section-title-one hanor-stitle-69e134228e6aa-otras-funciones-de-cuentas-por-cobrar cpation-center \"><h2 class=\"section-title\">Otras funciones de Cuentas por Cobrar<\/h2><\/div>[\/vc_column][\/vc_row][vc_row overlay_dotted=\u00bb\u00bb css=\u00bb.vc_custom_1544425664202{padding-bottom: 8% !important;}\u00bb][vc_column offset=\u00bbvc_col-lg-6 vc_col-md-6&#8243;]<section class=\"hanor-counting  hanor-counting-69e134228e6f7\">\n                <div class=\"counting-wrap\"> <div class=\"item\"><div class=\"count-item\"><div class=\"counter-value\">01.<\/div> <div class=\"counting-content-area\"><h3 class=\"couting-title\">Estado de Cuenta<\/h3><p>Imprima un estado de cuenta por familia o cobranza de una determinada familia. <\/p><\/div> <\/div><\/div><div class=\"item\"><div class=\"count-item\"><div class=\"counter-value\">02.<\/div> <div class=\"counting-content-area\"><h3 class=\"couting-title\">Movimientos de cliente<\/h3><p>Visualice en tiempo real todos los movimientos de saldo de un cliente, obteniendo el balance final en un determinado periodo de fecha.<\/p><\/div> <\/div><\/div><\/div><\/section>[\/vc_column][vc_column offset=\u00bbvc_col-lg-6 vc_col-md-6&#8243;]<section class=\"hanor-counting  hanor-counting-69e134228e71c\">\n                <div class=\"counting-wrap\"> <div class=\"item\"><div class=\"count-item\"><div class=\"counter-value\">03.<\/div> <div class=\"counting-content-area\"><h3 class=\"couting-title\">Proyecciones futuras<\/h3><p>Visualice como sera la cuenta por cobrar en un futuro en caso que una o varias familias no realicen abonos a sus saldos.<\/p><\/div> <\/div><\/div><div class=\"item\"><div class=\"count-item\"><div class=\"counter-value\">04.<\/div> <div class=\"counting-content-area\"><h3 class=\"couting-title\">Notificaciones y Widuclick<\/h3><p>Todas las notificaciones de cobro incluyen un Widuclick, permitiendo una mejor gesti\u00f3n de cobranza y f\u00e1cil recaudaci\u00f3n.<\/p><\/div> <\/div><\/div><\/div><\/section>[\/vc_column][\/vc_row][vc_row full_width=\u00bbstretch_row_content_no_spaces\u00bb overlay_dotted=\u00bb\u00bb][vc_column css=\u00bb.vc_custom_1540883945219{padding-top: 0px !important;}\u00bb]<div class=\"hanor-callout  callout-style-one hanor-cta-69e134228e76b\"><div class=\"container\"><h2 class=\"callout-title\">Solicita una demostraci\u00f3n en las instalaciones de tu escuela<\/h2><a href=\"https:\/\/widupay.com\/windul\/solicitar-demostracion\/\"  class=\"hanor-btn hanor-white-btn\"><span class=\"hanor-btn-text\">SOLICITAR AHORA<\/span><\/a><\/div><\/div>[\/vc_column][\/vc_row]<\/p>\n","protected":false},"excerpt":{"rendered":"[vc_row full_width=\u00bbstretch_row\u00bb overlay_dotted=\u00bb\u00bb css=\u00bb.vc_custom_1547023961078{padding-top: 6% !important;padding-bottom: 9% !important;background-color: #f9f9f9 !important;}\u00bb][vc_column][\/vc_column][\/vc_row][vc_row full_width=\u00bbstretch_row\u00bb overlay_dotted=\u00bb\u00bb css=\u00bb.vc_custom_1547023761132{padding-top: 8% !important;padding-bottom: 11% !important;}\u00bb][vc_column][\/vc_column][\/vc_row][vc_row overlay_dotted=\u00bb\u00bb css=\u00bb.vc_custom_1600106407120{padding-top: 2% !important;}\u00bb][vc_column][\/vc_column][\/vc_row][vc_row overlay_dotted=\u00bb\u00bb css=\u00bb.vc_custom_1544425664202{padding-bottom: 8% !important;}\u00bb][vc_column offset=\u00bbvc_col-lg-6 vc_col-md-6&#8243;][\/vc_column][vc_column offset=\u00bbvc_col-lg-6 vc_col-md-6&#8243;][\/vc_column][\/vc_row][vc_row full_width=\u00bbstretch_row_content_no_spaces\u00bb overlay_dotted=\u00bb\u00bb][vc_column css=\u00bb.vc_custom_1540883945219{padding-top: 0px !important;}\u00bb][\/vc_column][\/vc_row]","protected":false},"author":2,"featured_media":0,"parent":0,"menu_order":0,"comment_status":"closed","ping_status":"closed","template":"","meta":[],"yoast_head":"<!-- This site is optimized with the Yoast SEO plugin v14.9 - https:\/\/yoast.com\/wordpress\/plugins\/seo\/ -->\n<title>Cuentas por Cobrar - Windul<\/title>\n<meta name=\"robots\" content=\"index, follow, max-snippet:-1, max-image-preview:large, max-video-preview:-1\" \/>\n<link rel=\"canonical\" href=\"https:\/\/widupay.com\/windul\/cuentas-por-cobrar\/\" \/>\n<meta property=\"og:locale\" content=\"es_ES\" \/>\n<meta property=\"og:type\" content=\"article\" \/>\n<meta property=\"og:title\" content=\"Cuentas por Cobrar - Windul\" \/>\n<meta property=\"og:description\" content=\"[vc_row full_width=\u00bbstretch_row\u00bb overlay_dotted=\u00bb\u00bb css=\u00bb.vc_custom_1547023961078{padding-top: 6% !important;padding-bottom: 9% !important;background-color: #f9f9f9 !important;}\u00bb][vc_column][\/vc_column][\/vc_row][vc_row full_width=\u00bbstretch_row\u00bb overlay_dotted=\u00bb\u00bb css=\u00bb.vc_custom_1547023761132{padding-top: 8% !important;padding-bottom: 11% !important;}\u00bb][vc_column][\/vc_column][\/vc_row][vc_row overlay_dotted=\u00bb\u00bb css=\u00bb.vc_custom_1600106407120{padding-top: 2% !important;}\u00bb][vc_column][\/vc_column][\/vc_row][vc_row overlay_dotted=\u00bb\u00bb css=\u00bb.vc_custom_1544425664202{padding-bottom: 8% !important;}\u00bb][vc_column offset=\u00bbvc_col-lg-6 vc_col-md-6&#8243;][\/vc_column][vc_column offset=\u00bbvc_col-lg-6 vc_col-md-6&#8243;][\/vc_column][\/vc_row][vc_row full_width=\u00bbstretch_row_content_no_spaces\u00bb overlay_dotted=\u00bb\u00bb][vc_column css=\u00bb.vc_custom_1540883945219{padding-top: 0px !important;}\u00bb][\/vc_column][\/vc_row]\" \/>\n<meta property=\"og:url\" content=\"https:\/\/widupay.com\/windul\/cuentas-por-cobrar\/\" \/>\n<meta property=\"og:site_name\" content=\"Windul\" \/>\n<meta property=\"article:publisher\" content=\"https:\/\/www.facebook.com\/windulapp\" \/>\n<meta property=\"article:modified_time\" content=\"2020-09-19T23:41:58+00:00\" \/>\n<meta name=\"twitter:card\" content=\"summary_large_image\" \/>\n<script type=\"application\/ld+json\" class=\"yoast-schema-graph\">{\"@context\":\"https:\/\/schema.org\",\"@graph\":[{\"@type\":\"Organization\",\"@id\":\"https:\/\/widupay.com\/windul\/#organization\",\"name\":\"Widupay\",\"url\":\"https:\/\/widupay.com\/windul\/\",\"sameAs\":[\"https:\/\/www.facebook.com\/windulapp\",\"https:\/\/www.instagram.com\/windulapp\/\"],\"logo\":{\"@type\":\"ImageObject\",\"@id\":\"https:\/\/widupay.com\/windul\/#logo\",\"inLanguage\":\"es\",\"url\":\"https:\/\/widupay.com\/windul\/wp-content\/uploads\/sites\/2\/2020\/09\/widupay_2x.png\",\"width\":250,\"height\":80,\"caption\":\"Widupay\"},\"image\":{\"@id\":\"https:\/\/widupay.com\/windul\/#logo\"}},{\"@type\":\"WebSite\",\"@id\":\"https:\/\/widupay.com\/windul\/#website\",\"url\":\"https:\/\/widupay.com\/windul\/\",\"name\":\"Windul\",\"description\":\"Aplicaci\\u00f3n de facturaci\\u00f3n y pagos en linea para escuelas\",\"publisher\":{\"@id\":\"https:\/\/widupay.com\/windul\/#organization\"},\"potentialAction\":[{\"@type\":\"SearchAction\",\"target\":\"https:\/\/widupay.com\/windul\/?s={search_term_string}\",\"query-input\":\"required name=search_term_string\"}],\"inLanguage\":\"es\"},{\"@type\":\"WebPage\",\"@id\":\"https:\/\/widupay.com\/windul\/cuentas-por-cobrar\/#webpage\",\"url\":\"https:\/\/widupay.com\/windul\/cuentas-por-cobrar\/\",\"name\":\"Cuentas por Cobrar - Windul\",\"isPartOf\":{\"@id\":\"https:\/\/widupay.com\/windul\/#website\"},\"datePublished\":\"2020-09-11T05:00:12+00:00\",\"dateModified\":\"2020-09-19T23:41:58+00:00\",\"inLanguage\":\"es\",\"potentialAction\":[{\"@type\":\"ReadAction\",\"target\":[\"https:\/\/widupay.com\/windul\/cuentas-por-cobrar\/\"]}]}]}<\/script>\n<!-- \/ Yoast SEO plugin. -->","_links":{"self":[{"href":"https:\/\/widupay.com\/windul\/wp-json\/wp\/v2\/pages\/4081"}],"collection":[{"href":"https:\/\/widupay.com\/windul\/wp-json\/wp\/v2\/pages"}],"about":[{"href":"https:\/\/widupay.com\/windul\/wp-json\/wp\/v2\/types\/page"}],"author":[{"embeddable":true,"href":"https:\/\/widupay.com\/windul\/wp-json\/wp\/v2\/users\/2"}],"replies":[{"embeddable":true,"href":"https:\/\/widupay.com\/windul\/wp-json\/wp\/v2\/comments?post=4081"}],"version-history":[{"count":15,"href":"https:\/\/widupay.com\/windul\/wp-json\/wp\/v2\/pages\/4081\/revisions"}],"predecessor-version":[{"id":4472,"href":"https:\/\/widupay.com\/windul\/wp-json\/wp\/v2\/pages\/4081\/revisions\/4472"}],"wp:attachment":[{"href":"https:\/\/widupay.com\/windul\/wp-json\/wp\/v2\/media?parent=4081"}],"curies":[{"name":"wp","href":"https:\/\/api.w.org\/{rel}","templated":true}]}}