{"id":4077,"date":"2020-09-11T04:57:27","date_gmt":"2020-09-11T04:57:27","guid":{"rendered":"https:\/\/widupay.com\/windul\/?page_id=4077"},"modified":"2020-09-16T07:29:33","modified_gmt":"2020-09-16T13:29:33","slug":"admisiones","status":"publish","type":"page","link":"https:\/\/widupay.com\/windul\/admisiones\/","title":{"rendered":"Admisiones"},"content":{"rendered":"<p>[vc_row full_width=\u00bbstretch_row\u00bb overlay_dotted=\u00bb\u00bb css=\u00bb.vc_custom_1600262955460{padding-top: 6% !important;padding-bottom: 2% !important;background-color: #f9f9f9 !important;}\u00bb][vc_column]<section class=\"hanor-promo toggle-align hanor-promo-69e133ee936f7 \">\n                <div class=\"promo-item\">\n                  <div class=\"row\">\n                    <div class=\"col-md-7 hanor-item promo-primary\">\n                      <div class=\"hanor-table-wrap\">\n                        <div class=\"hanor-align-wrap\">\n                          <div class=\"hanor-image\"><img src=\"https:\/\/widupay.com\/windul\/wp-content\/uploads\/sites\/2\/2020\/09\/windulAdmissions_1.png\" alt=\"\"><\/div>\n                        <\/div>\n                      <\/div>\n                    <\/div>\n                    <div class=\"col-md-5 hanor-item promo-secondary\">\n                      <div class=\"hanor-table-wrap\">\n                        <div class=\"hanor-align-wrap\">\n                          <div class=\"promo-info\"><i class=\"fa fa-user-plus\" aria-hidden=\"true\"><\/i><h2 class=\"promo-title\">Supere los objetivos de inscripci\u00f3n y matr\u00edcula en l\u00ednea<\/h2><p>Lleve las admisiones en l\u00ednea, aumente la inscripci\u00f3n y mejore el proceso de enrolamiento, logrando automatizarlo y hacerlo eficiente. Windul ofrece una soluci\u00f3n de admisi\u00f3n e inscripci\u00f3n en l\u00ednea para todo tipo de escuelas PK-12. Windul Admisiones, con formularios y solicitudes en l\u00ednea facilita que las escuelas independientes rastreen y se comuniquen con cada solicitante paso a paso a trav\u00e9s de todo el proceso de admisi\u00f3n basado en la web, desde la consulta inicial hasta la aceptaci\u00f3n y la inscripci\u00f3n. Windul, ofrece caracter\u00edsticas \u00fanicas para que las escuelas reciban solicitudes en l\u00ednea, administren y permitan la solicitud de documentos a los padres de familia. Lo que lo convierte en una experiencia m\u00e1s r\u00e1pida y sencilla para los padres y el personal administrativo.<\/p>\n<\/div>\n                        <\/div>\n                      <\/div>\n                    <\/div>\n                  <\/div>\n                <\/div>\n              <\/section>[\/vc_column][\/vc_row][vc_row full_width=\u00bbstretch_row\u00bb content_placement=\u00bbmiddle\u00bb overlay_dotted=\u00bb\u00bb css=\u00bb.vc_custom_1600262968586{padding-top: 3% !important;padding-bottom: 15% !important;padding-left: 0px !important;}\u00bb][vc_column text_alignment=\u00bbtext-center\u00bb offset=\u00bbvc_col-lg-6 vc_col-md-12&#8243;]<div class=\"hanor-presentation  left-side\"><div class=\"hanor-image\"><img src=\"https:\/\/widupay.com\/windul\/wp-content\/uploads\/sites\/2\/2020\/09\/windulAdmissions_2.png\" alt=\"\"><\/div><\/div>[\/vc_column][vc_column offset=\u00bbvc_col-lg-6 vc_col-md-12&#8243;]<div class=\"hanor-section-title section-title-one hanor-stitle-69e133ee93ef7-agilice-todo-el-proceso-de-admision-y-matricula cpation-left \"><h2 class=\"section-title\">Agilice todo el proceso de admisi\u00f3n y matr\u00edcula<\/h2><p>Windul puede personalizarlo y adaptarlo a su proceso de admisi\u00f3n y matricula. Windul le permite a su personal de admisiones rastrear y comunicarse con los solicitantes durante todo el proceso de admisi\u00f3n, desde la consulta inicial hasta la aceptaci\u00f3n y la inscripci\u00f3n de forma f\u00e1cil y sencilla.<\/p><\/div><div class=\"accordion hanor-acc-69e133ee9420d  collapse-others\" role=\"tablist\" ><div class=\"panel panel-default  active\"><div class=\"panel-heading\"><h4 class=\"panel-title\"> <a href=\"#69e133ee9420d-0\" class=\" in\" data-toggle=\"collapse\" aria-expanded=\"true\">Automatizaci\u00f3n<\/a><\/h4><\/div><div id=\"69e133ee9420d-0\" class=\"panel-collapse collapse in\"><div class=\"panel-content\">[vc_column_text css=\u00bb.vc_custom_1600103147461{margin-bottom: 0px !important;padding-bottom: 0px !important;}\u00bb]Agilice el proceso con formularios en l\u00ednea totalmente receptivos para consultas, solicitudes, subida de documentos por parte del personal administrativo o padres de familia. La subida de los documentos requeridos, como certificados de nacimiento o recomendaciones, se pueden cargar de forma segura como parte del proceso de admisi\u00f3n o matr\u00edcula.[\/vc_column_text]<\/div><\/div><\/div><div class=\"panel panel-default \"><div class=\"panel-heading\"><h4 class=\"panel-title\"> <a href=\"#69e133ee9420d-1\" class=\"collapsed\" data-toggle=\"collapse\" aria-expanded=\"true\">Realice un seguimiento de cada prospecto<\/a><\/h4><\/div><div id=\"69e133ee9420d-1\" class=\"panel-collapse collapse\"><div class=\"panel-content\">[vc_column_text css=\u00bb.vc_custom_1600102811616{margin-bottom: 0px !important;padding-bottom: 0px !important;}\u00bb]Seguimiento y gesti\u00f3n de solicitudes de admisi\u00f3n o matricula paso a paso a trav\u00e9s de un proceso de formularios personalizados y adaptados por cada Escuela.[\/vc_column_text]<\/div><\/div><\/div><div class=\"panel panel-default \"><div class=\"panel-heading\"><h4 class=\"panel-title\"> <a href=\"#69e133ee9420d-2\" class=\"collapsed\" data-toggle=\"collapse\" aria-expanded=\"true\">Notificaciones autom\u00e1ticas<\/a><\/h4><\/div><div id=\"69e133ee9420d-2\" class=\"panel-collapse collapse\"><div class=\"panel-content\">[vc_column_text css=\u00bb.vc_custom_1600102874030{margin-bottom: 0px !important;padding-bottom: 0px !important;}\u00bb]Mantenga informado de forma autom\u00e1tica a los padres, solicitantes y personal administrativo en cada paso del proceso de admisi\u00f3n.[\/vc_column_text]<\/div><\/div><\/div><div class=\"panel panel-default \"><div class=\"panel-heading\"><h4 class=\"panel-title\"> <a href=\"#69e133ee9420d-3\" class=\"collapsed\" data-toggle=\"collapse\" aria-expanded=\"true\">Personalizado y adaptado a la medida<\/a><\/h4><\/div><div id=\"69e133ee9420d-3\" class=\"panel-collapse collapse\"><div class=\"panel-content\">[vc_column_text css=\u00bb.vc_custom_1600103009358{margin-bottom: 0px !important;padding-bottom: 0px !important;}\u00bb]Windul se puede personalizar para satisfacer las necesidades de admisi\u00f3n o matricula de cada escuela. El personal de admisiones puede establecer diferentes requisitos de prospecto para diferentes grados, diferentes programas o de una escuela.[\/vc_column_text]<\/div><\/div><\/div><div class=\"panel panel-default \"><div class=\"panel-heading\"><h4 class=\"panel-title\"> <a href=\"#69e133ee9420d-4\" class=\"collapsed\" data-toggle=\"collapse\" aria-expanded=\"true\">Pagos en l\u00ednea<\/a><\/h4><\/div><div id=\"69e133ee9420d-4\" class=\"panel-collapse collapse\"><div class=\"panel-content\">[vc_column_text]Las familias pueden pagar cargos en l\u00ednea de forma simple, r\u00e1pida y segura.[\/vc_column_text]<\/div><\/div><\/div><div class=\"panel panel-default \"><div class=\"panel-heading\"><h4 class=\"panel-title\"> <a href=\"#69e133ee9420d-5\" class=\"collapsed\" data-toggle=\"collapse\" aria-expanded=\"true\">Impresi\u00f3n de contratos y IDs<\/a><\/h4><\/div><div id=\"69e133ee9420d-5\" class=\"panel-collapse collapse\"><div class=\"panel-content\">[vc_column_text]Imprima los contratos, compromisos de estudiante, compromisos de padres, confirmaciones de admisi\u00f3n o matricula, personalice un documento propio de la Escuela para vincularlo a cada estudiante e impresi\u00f3n de carnets de estudiantes. Todos los documentos puede personalizarlos y dise\u00f1arlos de acuerdo a sus necesidades.[\/vc_column_text]<\/div><\/div><\/div><\/div>[\/vc_column][\/vc_row]<\/p>\n","protected":false},"excerpt":{"rendered":"[vc_row full_width=\u00bbstretch_row\u00bb overlay_dotted=\u00bb\u00bb css=\u00bb.vc_custom_1600262955460{padding-top: 6% !important;padding-bottom: 2% !important;background-color: #f9f9f9 !important;}\u00bb][vc_column][\/vc_column][\/vc_row][vc_row full_width=\u00bbstretch_row\u00bb content_placement=\u00bbmiddle\u00bb overlay_dotted=\u00bb\u00bb css=\u00bb.vc_custom_1600262968586{padding-top: 3% !important;padding-bottom: 15% !important;padding-left: 0px !important;}\u00bb][vc_column text_alignment=\u00bbtext-center\u00bb offset=\u00bbvc_col-lg-6 vc_col-md-12&#8243;][\/vc_column][vc_column offset=\u00bbvc_col-lg-6 vc_col-md-12&#8243;][\/vc_column][\/vc_row]","protected":false},"author":2,"featured_media":0,"parent":0,"menu_order":0,"comment_status":"closed","ping_status":"closed","template":"","meta":[],"yoast_head":"<!-- This site is optimized with the Yoast SEO plugin v14.9 - https:\/\/yoast.com\/wordpress\/plugins\/seo\/ -->\n<title>Admisiones - Windul<\/title>\n<meta name=\"robots\" content=\"index, follow, max-snippet:-1, max-image-preview:large, max-video-preview:-1\" \/>\n<link rel=\"canonical\" href=\"https:\/\/widupay.com\/windul\/admisiones\/\" \/>\n<meta property=\"og:locale\" content=\"es_ES\" \/>\n<meta property=\"og:type\" content=\"article\" \/>\n<meta property=\"og:title\" content=\"Admisiones - Windul\" \/>\n<meta property=\"og:description\" content=\"[vc_row full_width=\u00bbstretch_row\u00bb overlay_dotted=\u00bb\u00bb css=\u00bb.vc_custom_1600262955460{padding-top: 6% !important;padding-bottom: 2% !important;background-color: #f9f9f9 !important;}\u00bb][vc_column][\/vc_column][\/vc_row][vc_row full_width=\u00bbstretch_row\u00bb content_placement=\u00bbmiddle\u00bb overlay_dotted=\u00bb\u00bb css=\u00bb.vc_custom_1600262968586{padding-top: 3% !important;padding-bottom: 15% !important;padding-left: 0px !important;}\u00bb][vc_column text_alignment=\u00bbtext-center\u00bb offset=\u00bbvc_col-lg-6 vc_col-md-12&#8243;][\/vc_column][vc_column offset=\u00bbvc_col-lg-6 vc_col-md-12&#8243;][\/vc_column][\/vc_row]\" \/>\n<meta property=\"og:url\" content=\"https:\/\/widupay.com\/windul\/admisiones\/\" \/>\n<meta property=\"og:site_name\" content=\"Windul\" \/>\n<meta property=\"article:publisher\" content=\"https:\/\/www.facebook.com\/windulapp\" \/>\n<meta property=\"article:modified_time\" content=\"2020-09-16T13:29:33+00:00\" \/>\n<meta name=\"twitter:card\" content=\"summary_large_image\" \/>\n<script type=\"application\/ld+json\" class=\"yoast-schema-graph\">{\"@context\":\"https:\/\/schema.org\",\"@graph\":[{\"@type\":\"Organization\",\"@id\":\"https:\/\/widupay.com\/windul\/#organization\",\"name\":\"Widupay\",\"url\":\"https:\/\/widupay.com\/windul\/\",\"sameAs\":[\"https:\/\/www.facebook.com\/windulapp\",\"https:\/\/www.instagram.com\/windulapp\/\"],\"logo\":{\"@type\":\"ImageObject\",\"@id\":\"https:\/\/widupay.com\/windul\/#logo\",\"inLanguage\":\"es\",\"url\":\"https:\/\/widupay.com\/windul\/wp-content\/uploads\/sites\/2\/2020\/09\/widupay_2x.png\",\"width\":250,\"height\":80,\"caption\":\"Widupay\"},\"image\":{\"@id\":\"https:\/\/widupay.com\/windul\/#logo\"}},{\"@type\":\"WebSite\",\"@id\":\"https:\/\/widupay.com\/windul\/#website\",\"url\":\"https:\/\/widupay.com\/windul\/\",\"name\":\"Windul\",\"description\":\"Aplicaci\\u00f3n de facturaci\\u00f3n y pagos en linea para escuelas\",\"publisher\":{\"@id\":\"https:\/\/widupay.com\/windul\/#organization\"},\"potentialAction\":[{\"@type\":\"SearchAction\",\"target\":\"https:\/\/widupay.com\/windul\/?s={search_term_string}\",\"query-input\":\"required name=search_term_string\"}],\"inLanguage\":\"es\"},{\"@type\":\"WebPage\",\"@id\":\"https:\/\/widupay.com\/windul\/admisiones\/#webpage\",\"url\":\"https:\/\/widupay.com\/windul\/admisiones\/\",\"name\":\"Admisiones - Windul\",\"isPartOf\":{\"@id\":\"https:\/\/widupay.com\/windul\/#website\"},\"datePublished\":\"2020-09-11T04:57:27+00:00\",\"dateModified\":\"2020-09-16T13:29:33+00:00\",\"inLanguage\":\"es\",\"potentialAction\":[{\"@type\":\"ReadAction\",\"target\":[\"https:\/\/widupay.com\/windul\/admisiones\/\"]}]}]}<\/script>\n<!-- \/ Yoast SEO plugin. -->","_links":{"self":[{"href":"https:\/\/widupay.com\/windul\/wp-json\/wp\/v2\/pages\/4077"}],"collection":[{"href":"https:\/\/widupay.com\/windul\/wp-json\/wp\/v2\/pages"}],"about":[{"href":"https:\/\/widupay.com\/windul\/wp-json\/wp\/v2\/types\/page"}],"author":[{"embeddable":true,"href":"https:\/\/widupay.com\/windul\/wp-json\/wp\/v2\/users\/2"}],"replies":[{"embeddable":true,"href":"https:\/\/widupay.com\/windul\/wp-json\/wp\/v2\/comments?post=4077"}],"version-history":[{"count":15,"href":"https:\/\/widupay.com\/windul\/wp-json\/wp\/v2\/pages\/4077\/revisions"}],"predecessor-version":[{"id":4460,"href":"https:\/\/widupay.com\/windul\/wp-json\/wp\/v2\/pages\/4077\/revisions\/4460"}],"wp:attachment":[{"href":"https:\/\/widupay.com\/windul\/wp-json\/wp\/v2\/media?parent=4077"}],"curies":[{"name":"wp","href":"https:\/\/api.w.org\/{rel}","templated":true}]}}