{"id":4063,"date":"2020-09-11T04:16:51","date_gmt":"2020-09-11T04:16:51","guid":{"rendered":"https:\/\/widupay.com\/windul\/?page_id=4063"},"modified":"2020-09-14T19:30:20","modified_gmt":"2020-09-14T19:30:20","slug":"caracteristicas","status":"publish","type":"page","link":"https:\/\/widupay.com\/windul\/caracteristicas\/","title":{"rendered":"Caracter\u00edsticas"},"content":{"rendered":"<p>[vc_row overlay_dotted=\u00bb\u00bb css=\u00bb.vc_custom_1599847451474{padding-top: 3% !important;}\u00bb][vc_column]<div class=\"hanor-section-title section-title-one hanor-stitle-69e133ef8aa78-una-plataforma-cientos-de-funciones-vision-y-alcance-ilimitado cpation-center \"><h2 class=\"section-title\">Una plataforma. Cientos de funciones. Visi\u00f3n y alcance ilimitado.<\/h2><\/div>[\/vc_column][\/vc_row][vc_row full_width=\u00bbstretch_row\u00bb overlay_dotted=\u00bb\u00bb css=\u00bb.vc_custom_1547023736719{padding-top: 8% !important;padding-bottom: 11% !important;background-color: #f9f9f9 !important;}\u00bb][vc_column]<section class=\"hanor-promo toggle-align hanor-promo-69e133ef8ab48 \">\n                <div class=\"promo-item\">\n                  <div class=\"row\">\n                    <div class=\"col-md-7 hanor-item promo-primary\">\n                      <div class=\"hanor-table-wrap\">\n                        <div class=\"hanor-align-wrap\">\n                          <div class=\"hanor-image\"><img src=\"https:\/\/widupay.com\/windul\/wp-content\/uploads\/sites\/2\/2020\/09\/windulAdmiss_principal.png\" alt=\"Windul admissions\"><\/div>\n                        <\/div>\n                      <\/div>\n                    <\/div>\n                    <div class=\"col-md-5 hanor-item promo-secondary\">\n                      <div class=\"hanor-table-wrap\">\n                        <div class=\"hanor-align-wrap\">\n                          <div class=\"promo-info\"><h2 class=\"promo-title\">Admisiones y matr\u00edcula<\/h2><p>Permite que tus padres de familia puedan enviar solicitudes de admisi\u00f3n para sus hijos, configura todo el proceso que deben de cumplir para ser aceptados en la Escuela, sube documentos a cada solicitud. En caso que tu Escuela realiza un proceso de matricula tradicional presencial, Windul cuenta con un proceso optimizado y mejorado para realizar las matriculas de los estudiantes e impresi\u00f3n de contratos por servicios educativos.<\/p>\n<div class=\"hanor-btns-group\"><a href=\"https:\/\/widupay.com\/windul\/admisiones\/\"  class=\"hanor-btn\"><span class=\"hanor-btn-text\">VER M\u00c1S<\/span><\/a><\/div><\/div>\n                        <\/div>\n                      <\/div>\n                    <\/div>\n                  <\/div>\n                <\/div>\n              <\/section>[\/vc_column][\/vc_row][vc_row full_width=\u00bbstretch_row\u00bb overlay_dotted=\u00bb\u00bb css=\u00bb.vc_custom_1547023761132{padding-top: 8% !important;padding-bottom: 11% !important;}\u00bb][vc_column]<section class=\"hanor-promo hanor-promo-69e133ef8ae2e \">\n                <div class=\"promo-item\">\n                  <div class=\"row\">\n                    <div class=\"col-md-7 hanor-item promo-primary\">\n                      <div class=\"hanor-table-wrap\">\n                        <div class=\"hanor-align-wrap\">\n                          <div class=\"hanor-image\"><img src=\"https:\/\/widupay.com\/windul\/wp-content\/uploads\/sites\/2\/2020\/09\/windulInvoices.png\" alt=\"Windul Invoices\"><\/div>\n                        <\/div>\n                      <\/div>\n                    <\/div>\n                    <div class=\"col-md-5 hanor-item promo-secondary\">\n                      <div class=\"hanor-table-wrap\">\n                        <div class=\"hanor-align-wrap\">\n                          <div class=\"promo-info\"><h2 class=\"promo-title\">Facturaci\u00f3n y ventas<\/h2><p>Crea facturas, env\u00edalas por correo e imprimirlas usando tus propios dise\u00f1os de formato de impresi\u00f3n. Realiza cargos recurrentes de forma manual, automatizada de acuerdo a los par\u00e1metros que tu determines. Windul es una aplicaci\u00f3n multimoneda.\u00a0 Registra pagos de colegiaturas y los cargos asignados a los estudiantes o familias.<\/p>\n<div class=\"hanor-btns-group\"><a href=\"https:\/\/widupay.com\/windul\/facturacion-y-ventas\/\"  class=\"hanor-btn\"><span class=\"hanor-btn-text\">VER M\u00c1S<\/span><\/a><\/div><\/div>\n                        <\/div>\n                      <\/div>\n                    <\/div>\n                  <\/div>\n                <\/div>\n              <\/section>[\/vc_column][\/vc_row][vc_row full_width=\u00bbstretch_row\u00bb overlay_dotted=\u00bb\u00bb css=\u00bb.vc_custom_1547023818019{padding-top: 8% !important;padding-bottom: 11% !important;background-color: #f9f9f9 !important;}\u00bb][vc_column]<section class=\"hanor-promo toggle-align hanor-promo-69e133ef8b0d0 \">\n                <div class=\"promo-item\">\n                  <div class=\"row\">\n                    <div class=\"col-md-7 hanor-item promo-primary\">\n                      <div class=\"hanor-table-wrap\">\n                        <div class=\"hanor-align-wrap\">\n                          <div class=\"hanor-image\"><img src=\"https:\/\/widupay.com\/windul\/wp-content\/uploads\/sites\/2\/2020\/09\/windulCuentaPorCobrar.png\" alt=\"\"><\/div>\n                        <\/div>\n                      <\/div>\n                    <\/div>\n                    <div class=\"col-md-5 hanor-item promo-secondary\">\n                      <div class=\"hanor-table-wrap\">\n                        <div class=\"hanor-align-wrap\">\n                          <div class=\"promo-info\"><h2 class=\"promo-title\">Cuentas por cobrar<\/h2><p>Disfrute de un procesamiento de pago seguro y simplifique el proceso de cobro con facturaci\u00f3n recurrente automatizada, planes de pago y correos electr\u00f3nicos de recordatorio. Consulta y env\u00eda el estado de cuenta de tu cliente, este se actualiza en tiempo real. Windul permite enviar recordatorios de cobro mediante correos electr\u00f3nicos de forma autom\u00e1tica, enviando un enlace de pago, de esta forma la gesti\u00f3n de la Cuenta por Cobrar es optimizada y eficiente.<\/p>\n<div class=\"hanor-btns-group\"><a href=\"https:\/\/widupay.com\/windul\/cuentas-por-cobrar\/\"  class=\"hanor-btn\"><span class=\"hanor-btn-text\">VER M\u00c1S<\/span><\/a><\/div><\/div>\n                        <\/div>\n                      <\/div>\n                    <\/div>\n                  <\/div>\n                <\/div>\n              <\/section>[\/vc_column][\/vc_row][vc_row full_width=\u00bbstretch_row\u00bb overlay_dotted=\u00bb\u00bb css=\u00bb.vc_custom_1547023761132{padding-top: 8% !important;padding-bottom: 11% !important;}\u00bb][vc_column]<section class=\"hanor-promo hanor-promo-69e133ef8b351 \">\n                <div class=\"promo-item\">\n                  <div class=\"row\">\n                    <div class=\"col-md-7 hanor-item promo-primary\">\n                      <div class=\"hanor-table-wrap\">\n                        <div class=\"hanor-align-wrap\">\n                          <div class=\"hanor-image\"><img src=\"https:\/\/widupay.com\/windul\/wp-content\/uploads\/sites\/2\/2020\/09\/windulOnlinePayments.png\" alt=\"\"><\/div>\n                        <\/div>\n                      <\/div>\n                    <\/div>\n                    <div class=\"col-md-5 hanor-item promo-secondary\">\n                      <div class=\"hanor-table-wrap\">\n                        <div class=\"hanor-align-wrap\">\n                          <div class=\"promo-info\"><h2 class=\"promo-title\">Pagos en l\u00ednea<\/h2><p>Simplifique el pago, la recaudaci\u00f3n de todos los cargos que asignes a tus estudiantes permitiendo acceso a tus padres de familia una plataforma exclusiva donde podr\u00e1n realizar los pagos de forma c\u00f3moda, r\u00e1pida y segura. Tambi\u00e9n facilita a los padres el seguimiento, la gesti\u00f3n e inscripciones a eventos, campamentos de verano, cursos o actividades extracurriculares. Es momento de brindar una nueva experiencia de pago a tu comunidad.<\/p>\n<div class=\"hanor-btns-group\"><a href=\"https:\/\/widupay.com\/windul\/pagos-en-linea\/\"  class=\"hanor-btn\"><span class=\"hanor-btn-text\">VER M\u00c1S<\/span><\/a><\/div><\/div>\n                        <\/div>\n                      <\/div>\n                    <\/div>\n                  <\/div>\n                <\/div>\n              <\/section>[\/vc_column][\/vc_row][vc_row full_width=\u00bbstretch_row\u00bb overlay_dotted=\u00bb\u00bb css=\u00bb.vc_custom_1547023818019{padding-top: 8% !important;padding-bottom: 11% !important;background-color: #f9f9f9 !important;}\u00bb][vc_column]<section class=\"hanor-promo toggle-align hanor-promo-69e133ef8b5cf \">\n                <div class=\"promo-item\">\n                  <div class=\"row\">\n                    <div class=\"col-md-7 hanor-item promo-primary\">\n                      <div class=\"hanor-table-wrap\">\n                        <div class=\"hanor-align-wrap\">\n                          <div class=\"hanor-image\"><img src=\"https:\/\/widupay.com\/windul\/wp-content\/uploads\/sites\/2\/2020\/09\/windul_Widuclick.png\" alt=\"\"><\/div>\n                        <\/div>\n                      <\/div>\n                    <\/div>\n                    <div class=\"col-md-5 hanor-item promo-secondary\">\n                      <div class=\"hanor-table-wrap\">\n                        <div class=\"hanor-align-wrap\">\n                          <div class=\"promo-info\"><h2 class=\"promo-title\">Widuclick<\/h2><p>Ampl\u00eda el alcance de tu Escuela recibiendo pagos de tarjeta de cr\u00e9dito, d\u00e9bito desde redes sociales, chats y correo electr\u00f3nico. Una soluci\u00f3n que es m\u00e1s que un enlace de pago, vende y cobra desde cualquier canal que permita pegar un link (Ejemplo: WhatsApp, Skype, Facebook, Instagram, Twitter, Pinterest, SMS, etc.). Por cada factura o cargo que emitas a tus estudiantes, padres de familia o clientes Windul crear\u00e1 autom\u00e1ticamente un Widuclick para que lo puedas compartir. Al momento de recibir la transacci\u00f3n esta se aplicara autom\u00e1ticamente y rebajara el saldo de la factura.<\/p>\n<div class=\"hanor-btns-group\"><a href=\"https:\/\/widupay.com\/windul\/widuclick\/\"  class=\"hanor-btn\"><span class=\"hanor-btn-text\">VER M\u00c1S<\/span><\/a><\/div><\/div>\n                        <\/div>\n                      <\/div>\n                    <\/div>\n                  <\/div>\n                <\/div>\n              <\/section>[\/vc_column][\/vc_row][vc_row full_width=\u00bbstretch_row\u00bb overlay_dotted=\u00bb\u00bb css=\u00bb.vc_custom_1547023761132{padding-top: 8% !important;padding-bottom: 11% !important;}\u00bb][vc_column]<section class=\"hanor-promo hanor-promo-69e133ef8b795 \">\n                <div class=\"promo-item\">\n                  <div class=\"row\">\n                    <div class=\"col-md-7 hanor-item promo-primary\">\n                      <div class=\"hanor-table-wrap\">\n                        <div class=\"hanor-align-wrap\">\n                          <div class=\"hanor-image\"><img src=\"https:\/\/widupay.com\/windul\/wp-content\/uploads\/sites\/2\/2020\/09\/windulWidubucks.png\" alt=\"\"><\/div>\n                        <\/div>\n                      <\/div>\n                    <\/div>\n                    <div class=\"col-md-5 hanor-item promo-secondary\">\n                      <div class=\"hanor-table-wrap\">\n                        <div class=\"hanor-align-wrap\">\n                          <div class=\"promo-info\"><h2 class=\"promo-title\">Widubucks<\/h2><p>Modulo dise\u00f1ado y desarrollado para trabajar de forma manual desde el portal administrativo o que los padres puedan auto-servirse por si solos. Nuestro sistema de venta de entradas para eventos escolares totalmente personalizable facilita la planificaci\u00f3n de eventos, campamentos de verano, cursos, actividades extracurriculares y viajes. Ideal para actuaciones, conciertos, campeonatos deportivos, bailes, obras de teatro y m\u00e1s. Disfrute de m\u00faltiples opciones de actividades para campistas con caracter\u00edsticas exclusivas dise\u00f1adas espec\u00edficamente para campamentos.<\/p>\n<div class=\"hanor-btns-group\"><a href=\"https:\/\/widupay.com\/windul\/widubucks\/\"  class=\"hanor-btn\"><span class=\"hanor-btn-text\">VER M\u00c1S<\/span><\/a><\/div><\/div>\n                        <\/div>\n                      <\/div>\n                    <\/div>\n                  <\/div>\n                <\/div>\n              <\/section>[\/vc_column][\/vc_row][vc_row full_width=\u00bbstretch_row\u00bb overlay_dotted=\u00bb\u00bb css=\u00bb.vc_custom_1547023818019{padding-top: 8% !important;padding-bottom: 11% !important;background-color: #f9f9f9 !important;}\u00bb][vc_column]<section class=\"hanor-promo toggle-align hanor-promo-69e133ef8b9f3 \">\n                <div class=\"promo-item\">\n                  <div class=\"row\">\n                    <div class=\"col-md-7 hanor-item promo-primary\">\n                      <div class=\"hanor-table-wrap\">\n                        <div class=\"hanor-align-wrap\">\n                          <div class=\"hanor-image\"><img src=\"https:\/\/widupay.com\/windul\/wp-content\/uploads\/sites\/2\/2020\/09\/WindulNews.png\" alt=\"\"><\/div>\n                        <\/div>\n                      <\/div>\n                    <\/div>\n                    <div class=\"col-md-5 hanor-item promo-secondary\">\n                      <div class=\"hanor-table-wrap\">\n                        <div class=\"hanor-align-wrap\">\n                          <div class=\"promo-info\"><h2 class=\"promo-title\">Notificaciones<\/h2><p>Mejora la comunicaci\u00f3n entre tu escuela, profesores, alumnos y familias. Permite a tus usuarios, maestros enviar notificaciones mediante correo electr\u00f3nico o mensajes SMS. Autom\u00e1ticamente al momento de crear un cargo, plan de pagos o emision de factura, Windul estar\u00e1 enviando una notificaci\u00f3n de correo electr\u00f3nico o SMS de acuerdo a la configuraci\u00f3n que tu permitas. Lo mejor de todo es que las notificaciones se env\u00edan bajo un formato personalizado con tu logo. Organice a sus estudiantes, padres, empleados en grupos para envi\u00f3 masivo de notificaciones.<\/p>\n<div class=\"hanor-btns-group\"><a href=\"https:\/\/widupay.com\/windul\/notificaciones\/\"  class=\"hanor-btn\"><span class=\"hanor-btn-text\">VER M\u00c1S<\/span><\/a><\/div><\/div>\n                        <\/div>\n                      <\/div>\n                    <\/div>\n                  <\/div>\n                <\/div>\n              <\/section>[\/vc_column][\/vc_row][vc_row full_width=\u00bbstretch_row\u00bb overlay_dotted=\u00bb\u00bb css=\u00bb.vc_custom_1547023761132{padding-top: 8% !important;padding-bottom: 11% !important;}\u00bb][vc_column]<section class=\"hanor-promo hanor-promo-69e133ef8bc4a \">\n                <div class=\"promo-item\">\n                  <div class=\"row\">\n                    <div class=\"col-md-7 hanor-item promo-primary\">\n                      <div class=\"hanor-table-wrap\">\n                        <div class=\"hanor-align-wrap\">\n                          <div class=\"hanor-image\"><img src=\"https:\/\/widupay.com\/windul\/wp-content\/uploads\/sites\/2\/2020\/09\/windulReports.png\" alt=\"\"><\/div>\n                        <\/div>\n                      <\/div>\n                    <\/div>\n                    <div class=\"col-md-5 hanor-item promo-secondary\">\n                      <div class=\"hanor-table-wrap\">\n                        <div class=\"hanor-align-wrap\">\n                          <div class=\"promo-info\"><h2 class=\"promo-title\">Reporteria<\/h2><p>Obtenga la informaci\u00f3n que necesita para tomar decisiones estrat\u00e9gicas con informes detallados sobre finanzas, an\u00e1lisis y operaciones. Nuestra aplicaci\u00f3n incorpora tecnolog\u00eda de Inteligencia de Negocios para que se pueda enfocar solo en lo importante. La mayor\u00eda de todos los reportes son personalizados y puedes utilizar tus propios formatos de impresi\u00f3n.<\/p>\n<div class=\"hanor-btns-group\"><a href=\"https:\/\/widupay.com\/windul\/reporteria\/\"  class=\"hanor-btn\"><span class=\"hanor-btn-text\">VER M\u00c1S<\/span><\/a><\/div><\/div>\n                        <\/div>\n                      <\/div>\n                    <\/div>\n                  <\/div>\n                <\/div>\n              <\/section>[\/vc_column][\/vc_row][vc_row overlay_dotted=\u00bb\u00bb css=\u00bb.vc_custom_1547023244137{padding-top: 10% !important;}\u00bb][vc_column]<div class=\"hanor-section-title section-title-one hanor-stitle-69e133ef8be66-mas-funciones-que-haran-que-tu-escuela-sea-mas-eficiente cpation-center \"><h2 class=\"section-title\">M\u00e1s funciones que har\u00e1n que tu escuela sea m\u00e1s eficiente<\/h2><\/div>[\/vc_column][\/vc_row][vc_row overlay_dotted=\u00bb\u00bb css=\u00bb.vc_custom_1544425664202{padding-bottom: 8% !important;}\u00bb][vc_column offset=\u00bbvc_col-lg-6 vc_col-md-6&#8243;]<section class=\"hanor-counting  hanor-counting-69e133ef8bebb\">\n                <div class=\"counting-wrap\"> <div class=\"item\"><div class=\"count-item\"><div class=\"counter-value\">01.<\/div> <div class=\"counting-content-area\"><h3 class=\"couting-title\">Informaci\u00f3n Segura<\/h3><p>Trabaja con tranquilidad ya que tu informaci\u00f3n es continuamente respaldada y protegida. <\/p><\/div> <\/div><\/div><div class=\"item\"><div class=\"count-item\"><div class=\"counter-value\">02.<\/div> <div class=\"counting-content-area\"><h3 class=\"couting-title\">Actualizado siempre<\/h3><p>Siempre estamos dise\u00f1ando y desarrollando nuevas caracter\u00edsticas y funciones para mejorar tu experiencia totalmente gratis.<\/p><\/div> <\/div><\/div><\/div><\/section>[\/vc_column][vc_column offset=\u00bbvc_col-lg-6 vc_col-md-6&#8243;]<section class=\"hanor-counting  hanor-counting-69e133ef8bedb\">\n                <div class=\"counting-wrap\"> <div class=\"item\"><div class=\"count-item\"><div class=\"counter-value\">03.<\/div> <div class=\"counting-content-area\"><h3 class=\"couting-title\">Acceso en la nube 24\/7 <\/h3><p>Te olvidas de invertir dinero en infraestructura y certificados costosos, podr\u00e1s acceder desde cualquier lugar y dispositivo.<\/p><\/div> <\/div><\/div><div class=\"item\"><div class=\"count-item\"><div class=\"counter-value\">04.<\/div> <div class=\"counting-content-area\"><h3 class=\"couting-title\">Control de usuarios<\/h3><p>Crea y controla las acciones de cada usuario asignando perfiles y roles personalizados. Puedes crear usuarios de forma ilimitada para administrar tu escuela.<\/p><\/div> <\/div><\/div><\/div><\/section>[\/vc_column][\/vc_row][vc_row full_width=\u00bbstretch_row_content_no_spaces\u00bb overlay_dotted=\u00bb\u00bb][vc_column css=\u00bb.vc_custom_1540883945219{padding-top: 0px !important;}\u00bb]<div class=\"hanor-callout  callout-style-one hanor-cta-69e133ef8bf20\"><div class=\"container\"><h2 class=\"callout-title\">Solicita una demostraci\u00f3n en las instalaciones de tu escuela<\/h2><a href=\"https:\/\/widupay.com\/windul\/solicitar-demostracion\/\"  class=\"hanor-btn hanor-white-btn\"><span class=\"hanor-btn-text\">SOLICITAR AHORA<\/span><\/a><\/div><\/div>[\/vc_column][\/vc_row]<\/p>\n","protected":false},"excerpt":{"rendered":"[vc_row overlay_dotted=\u00bb\u00bb css=\u00bb.vc_custom_1599847451474{padding-top: 3% !important;}\u00bb][vc_column][\/vc_column][\/vc_row][vc_row full_width=\u00bbstretch_row\u00bb overlay_dotted=\u00bb\u00bb css=\u00bb.vc_custom_1547023736719{padding-top: 8% !important;padding-bottom: 11% !important;background-color: #f9f9f9 !important;}\u00bb][vc_column][\/vc_column][\/vc_row][vc_row full_width=\u00bbstretch_row\u00bb overlay_dotted=\u00bb\u00bb css=\u00bb.vc_custom_1547023761132{padding-top: 8% !important;padding-bottom: 11% !important;}\u00bb][vc_column][\/vc_column][\/vc_row][vc_row full_width=\u00bbstretch_row\u00bb overlay_dotted=\u00bb\u00bb css=\u00bb.vc_custom_1547023818019{padding-top: 8% !important;padding-bottom: 11% !important;background-color: #f9f9f9 !important;}\u00bb][vc_column][\/vc_column][\/vc_row][vc_row full_width=\u00bbstretch_row\u00bb overlay_dotted=\u00bb\u00bb css=\u00bb.vc_custom_1547023761132{padding-top: 8% !important;padding-bottom: 11% !important;}\u00bb][vc_column][\/vc_column][\/vc_row][vc_row full_width=\u00bbstretch_row\u00bb overlay_dotted=\u00bb\u00bb css=\u00bb.vc_custom_1547023818019{padding-top: 8% !important;padding-bottom: 11% !important;background-color: #f9f9f9 !important;}\u00bb][vc_column][\/vc_column][\/vc_row][vc_row full_width=\u00bbstretch_row\u00bb overlay_dotted=\u00bb\u00bb css=\u00bb.vc_custom_1547023761132{padding-top: 8% !important;padding-bottom: 11% !important;}\u00bb][vc_column][\/vc_column][\/vc_row][vc_row full_width=\u00bbstretch_row\u00bb overlay_dotted=\u00bb\u00bb&#8230;","protected":false},"author":2,"featured_media":0,"parent":0,"menu_order":0,"comment_status":"closed","ping_status":"closed","template":"","meta":[],"yoast_head":"<!-- This site is optimized with the Yoast SEO plugin v14.9 - https:\/\/yoast.com\/wordpress\/plugins\/seo\/ -->\n<title>Caracter\u00edsticas - Windul<\/title>\n<meta name=\"robots\" content=\"index, follow, max-snippet:-1, max-image-preview:large, max-video-preview:-1\" \/>\n<link rel=\"canonical\" href=\"https:\/\/widupay.com\/windul\/caracteristicas\/\" \/>\n<meta property=\"og:locale\" content=\"es_ES\" \/>\n<meta property=\"og:type\" content=\"article\" \/>\n<meta property=\"og:title\" content=\"Caracter\u00edsticas - Windul\" \/>\n<meta property=\"og:description\" content=\"[vc_row overlay_dotted=\u00bb\u00bb css=\u00bb.vc_custom_1599847451474{padding-top: 3% !important;}\u00bb][vc_column][\/vc_column][\/vc_row][vc_row full_width=\u00bbstretch_row\u00bb overlay_dotted=\u00bb\u00bb css=\u00bb.vc_custom_1547023736719{padding-top: 8% !important;padding-bottom: 11% !important;background-color: #f9f9f9 !important;}\u00bb][vc_column][\/vc_column][\/vc_row][vc_row full_width=\u00bbstretch_row\u00bb overlay_dotted=\u00bb\u00bb css=\u00bb.vc_custom_1547023761132{padding-top: 8% !important;padding-bottom: 11% !important;}\u00bb][vc_column][\/vc_column][\/vc_row][vc_row full_width=\u00bbstretch_row\u00bb overlay_dotted=\u00bb\u00bb css=\u00bb.vc_custom_1547023818019{padding-top: 8% !important;padding-bottom: 11% !important;background-color: #f9f9f9 !important;}\u00bb][vc_column][\/vc_column][\/vc_row][vc_row full_width=\u00bbstretch_row\u00bb overlay_dotted=\u00bb\u00bb css=\u00bb.vc_custom_1547023761132{padding-top: 8% !important;padding-bottom: 11% !important;}\u00bb][vc_column][\/vc_column][\/vc_row][vc_row full_width=\u00bbstretch_row\u00bb overlay_dotted=\u00bb\u00bb css=\u00bb.vc_custom_1547023818019{padding-top: 8% !important;padding-bottom: 11% !important;background-color: #f9f9f9 !important;}\u00bb][vc_column][\/vc_column][\/vc_row][vc_row full_width=\u00bbstretch_row\u00bb overlay_dotted=\u00bb\u00bb css=\u00bb.vc_custom_1547023761132{padding-top: 8% !important;padding-bottom: 11% !important;}\u00bb][vc_column][\/vc_column][\/vc_row][vc_row full_width=\u00bbstretch_row\u00bb overlay_dotted=\u00bb\u00bb...\" \/>\n<meta property=\"og:url\" content=\"https:\/\/widupay.com\/windul\/caracteristicas\/\" \/>\n<meta property=\"og:site_name\" content=\"Windul\" \/>\n<meta property=\"article:publisher\" content=\"https:\/\/www.facebook.com\/windulapp\" \/>\n<meta property=\"article:modified_time\" content=\"2020-09-14T19:30:20+00:00\" \/>\n<meta name=\"twitter:card\" content=\"summary_large_image\" \/>\n<script type=\"application\/ld+json\" class=\"yoast-schema-graph\">{\"@context\":\"https:\/\/schema.org\",\"@graph\":[{\"@type\":\"Organization\",\"@id\":\"https:\/\/widupay.com\/windul\/#organization\",\"name\":\"Widupay\",\"url\":\"https:\/\/widupay.com\/windul\/\",\"sameAs\":[\"https:\/\/www.facebook.com\/windulapp\",\"https:\/\/www.instagram.com\/windulapp\/\"],\"logo\":{\"@type\":\"ImageObject\",\"@id\":\"https:\/\/widupay.com\/windul\/#logo\",\"inLanguage\":\"es\",\"url\":\"https:\/\/widupay.com\/windul\/wp-content\/uploads\/sites\/2\/2020\/09\/widupay_2x.png\",\"width\":250,\"height\":80,\"caption\":\"Widupay\"},\"image\":{\"@id\":\"https:\/\/widupay.com\/windul\/#logo\"}},{\"@type\":\"WebSite\",\"@id\":\"https:\/\/widupay.com\/windul\/#website\",\"url\":\"https:\/\/widupay.com\/windul\/\",\"name\":\"Windul\",\"description\":\"Aplicaci\\u00f3n de facturaci\\u00f3n y pagos en linea para escuelas\",\"publisher\":{\"@id\":\"https:\/\/widupay.com\/windul\/#organization\"},\"potentialAction\":[{\"@type\":\"SearchAction\",\"target\":\"https:\/\/widupay.com\/windul\/?s={search_term_string}\",\"query-input\":\"required name=search_term_string\"}],\"inLanguage\":\"es\"},{\"@type\":\"WebPage\",\"@id\":\"https:\/\/widupay.com\/windul\/caracteristicas\/#webpage\",\"url\":\"https:\/\/widupay.com\/windul\/caracteristicas\/\",\"name\":\"Caracter\\u00edsticas - Windul\",\"isPartOf\":{\"@id\":\"https:\/\/widupay.com\/windul\/#website\"},\"datePublished\":\"2020-09-11T04:16:51+00:00\",\"dateModified\":\"2020-09-14T19:30:20+00:00\",\"inLanguage\":\"es\",\"potentialAction\":[{\"@type\":\"ReadAction\",\"target\":[\"https:\/\/widupay.com\/windul\/caracteristicas\/\"]}]}]}<\/script>\n<!-- \/ Yoast SEO plugin. -->","_links":{"self":[{"href":"https:\/\/widupay.com\/windul\/wp-json\/wp\/v2\/pages\/4063"}],"collection":[{"href":"https:\/\/widupay.com\/windul\/wp-json\/wp\/v2\/pages"}],"about":[{"href":"https:\/\/widupay.com\/windul\/wp-json\/wp\/v2\/types\/page"}],"author":[{"embeddable":true,"href":"https:\/\/widupay.com\/windul\/wp-json\/wp\/v2\/users\/2"}],"replies":[{"embeddable":true,"href":"https:\/\/widupay.com\/windul\/wp-json\/wp\/v2\/comments?post=4063"}],"version-history":[{"count":52,"href":"https:\/\/widupay.com\/windul\/wp-json\/wp\/v2\/pages\/4063\/revisions"}],"predecessor-version":[{"id":4390,"href":"https:\/\/widupay.com\/windul\/wp-json\/wp\/v2\/pages\/4063\/revisions\/4390"}],"wp:attachment":[{"href":"https:\/\/widupay.com\/windul\/wp-json\/wp\/v2\/media?parent=4063"}],"curies":[{"name":"wp","href":"https:\/\/api.w.org\/{rel}","templated":true}]}}