{"id":4027,"date":"2020-02-19T02:58:23","date_gmt":"2020-02-19T02:58:23","guid":{"rendered":"https:\/\/widupay.com\/windul\/?page_id=4027"},"modified":"2020-09-12T03:07:18","modified_gmt":"2020-09-12T03:07:18","slug":"solicitar-demostracion","status":"publish","type":"page","link":"https:\/\/widupay.com\/windul\/solicitar-demostracion\/","title":{"rendered":"Solicitar Demostraci\u00f3n"},"content":{"rendered":"<p>[vc_row full_width=\u00bbstretch_row\u00bb overlay_dotted=\u00bb\u00bb css=\u00bb.vc_custom_1547024242122{padding-top: 7% !important;padding-bottom: 7% !important;background-color: #f6f6f6 !important;}\u00bb][vc_column offset=\u00bbvc_col-lg-8 vc_col-md-8&#8243;]<div class=\"hanor-form-wrap hanor-contact-69e13447dc805 contact-wrap-style-wrap\">\n                  <div class=\"contact-form\">\n                    <div class=\"hanor-section-title\">\n                      <h2 class=\"section-title\">Programe su Demostraci\u00f3n<\/h2><p>Es momento de administrar de forma eficiente su Escuela, emitiendo facturas y cargos de forma manual, autom\u00e1tica y recurrente. Obtenga informaci\u00f3n sobre c\u00f3mo mantener los pagos seguros y sencillos. <\/p>\n<p>Vea nuestro software en acci\u00f3n.<\/p>\n                    <\/div>\n                    <div role=\"form\" class=\"wpcf7\" id=\"wpcf7-f4030-o1\" lang=\"en-US\" dir=\"ltr\">\n<div class=\"screen-reader-response\" role=\"alert\" aria-live=\"polite\"><\/div>\n<form action=\"\/windul\/wp-json\/wp\/v2\/pages\/4027#wpcf7-f4030-o1\" method=\"post\" class=\"wpcf7-form init\" novalidate=\"novalidate\">\n<div style=\"display: none;\">\n<input type=\"hidden\" name=\"_wpcf7\" value=\"4030\" \/>\n<input type=\"hidden\" name=\"_wpcf7_version\" value=\"5.2.1\" \/>\n<input type=\"hidden\" name=\"_wpcf7_locale\" value=\"en_US\" \/>\n<input type=\"hidden\" name=\"_wpcf7_unit_tag\" value=\"wpcf7-f4030-o1\" \/>\n<input type=\"hidden\" name=\"_wpcf7_container_post\" value=\"0\" \/>\n<input type=\"hidden\" name=\"_wpcf7_posted_data_hash\" value=\"\" \/>\n<\/div>\n<div class=\"row\">\n<div class=\"col-sm-6\"><span class=\"wpcf7-form-control-wrap nombre\"><input type=\"text\" name=\"nombre\" value=\"\" size=\"40\" class=\"wpcf7-form-control wpcf7-text wpcf7-validates-as-required\" aria-required=\"true\" aria-invalid=\"false\" placeholder=\"Nombre\" \/><\/span><\/div>\n<div class=\"col-sm-6\"><span class=\"wpcf7-form-control-wrap apellidos\"><input type=\"text\" name=\"apellidos\" value=\"\" size=\"40\" class=\"wpcf7-form-control wpcf7-text wpcf7-validates-as-required\" aria-required=\"true\" aria-invalid=\"false\" placeholder=\"Apellidos\" \/><\/span><\/div>\n<div class=\"col-sm-6\"><span class=\"wpcf7-form-control-wrap correo\"><input type=\"email\" name=\"correo\" value=\"\" size=\"40\" class=\"wpcf7-form-control wpcf7-text wpcf7-email wpcf7-validates-as-required wpcf7-validates-as-email\" aria-required=\"true\" aria-invalid=\"false\" placeholder=\"Correo Electr\u00f3nico\" \/><\/span><\/div>\n<div class=\"col-sm-6\"><span class=\"wpcf7-form-control-wrap celular\"><input type=\"text\" name=\"celular\" value=\"\" size=\"40\" class=\"wpcf7-form-control wpcf7-text wpcf7-validates-as-required\" aria-required=\"true\" aria-invalid=\"false\" placeholder=\"N\u00famero de Celular\" \/><\/span><\/div>\n<div class=\"col-sm-12\"><span class=\"wpcf7-form-control-wrap nombre_empresa\"><input type=\"text\" name=\"nombre_empresa\" value=\"\" size=\"40\" class=\"wpcf7-form-control wpcf7-text wpcf7-validates-as-required\" aria-required=\"true\" aria-invalid=\"false\" placeholder=\"Nombre de la Empresa\" \/><\/span><\/div>\n<div class=\"col-sm-12\"><span class=\"wpcf7-form-control-wrap puesto_posicion\"><input type=\"text\" name=\"puesto_posicion\" value=\"\" size=\"40\" class=\"wpcf7-form-control wpcf7-text wpcf7-validates-as-required\" aria-required=\"true\" aria-invalid=\"false\" placeholder=\"Puesto\/Posici\u00f3n\" \/><\/span><\/div>\n<div class=\"col-sm-12\"><span class=\"wpcf7-form-control-wrap direccion_empresa\"><textarea name=\"direccion_empresa\" cols=\"40\" rows=\"10\" class=\"wpcf7-form-control wpcf7-textarea wpcf7-validates-as-required\" aria-required=\"true\" aria-invalid=\"false\" placeholder=\"Direcci\u00f3n de la Empresa\"><\/textarea><\/span><\/div>\n<div class=\"col-sm-6\">\n<label>\u00bfQue fecha desea la visita?<\/label><br \/>\n<span class=\"wpcf7-form-control-wrap fecha_contactarme\"><input type=\"date\" name=\"fecha_contactarme\" value=\"\" class=\"wpcf7-form-control wpcf7-date wpcf7-validates-as-required wpcf7-validates-as-date\" aria-required=\"true\" aria-invalid=\"false\" placeholder=\"\u00bfQue fecha desea la visita?\" \/><\/span>\n<\/div>\n<div class=\"col-sm-6\">\n<label>\u00bfA qu\u00e9 hora prefiere la visita?<\/label><br \/>\n<span class=\"wpcf7-form-control-wrap hora_contactarme\"><select name=\"hora_contactarme\" class=\"wpcf7-form-control wpcf7-select wpcf7-validates-as-required\" aria-required=\"true\" aria-invalid=\"false\"><option value=\"Me es indiferente\">Me es indiferente<\/option><option value=\"9:00am a 10:00am\">9:00am a 10:00am<\/option><option value=\"10:00am a 11:00am\">10:00am a 11:00am<\/option><option value=\"11:00am a 12:00pm\">11:00am a 12:00pm<\/option><option value=\"12:00pm a 1:00pm\">12:00pm a 1:00pm<\/option><option value=\"1:00pm a 2:00pm\">1:00pm a 2:00pm<\/option><option value=\"3:00pm a 4:00pm\">3:00pm a 4:00pm<\/option><option value=\"4:00pm a 5:00pm\">4:00pm a 5:00pm<\/option><option value=\"5:00pm a 6:30pm\">5:00pm a 6:30pm<\/option><\/select><\/span>\n<\/div>\n<div class=\"col-sm-12\"><span class=\"wpcf7-form-control-wrap comentarios\"><textarea name=\"comentarios\" cols=\"40\" rows=\"10\" class=\"wpcf7-form-control wpcf7-textarea\" aria-invalid=\"false\" placeholder=\"Comentarios adicionales\"><\/textarea><\/span><\/div>\n<div class=\"col-sm-12\"><input type=\"submit\" value=\"ENVIAR\" class=\"wpcf7-form-control wpcf7-submit\" \/><\/div>\n<\/div>\n<div class=\"wpcf7-response-output\" role=\"alert\" aria-hidden=\"true\"><\/div><\/form><\/div>\n                  <\/div>\n                <\/div>[\/vc_column][vc_column offset=\u00bbvc_col-lg-4 vc_col-md-4&#8243;]<div class=\"contact-info-item hanor-item hanor-address-69e13447dd09b \">\n                <div class=\"hanor-icon\"><span class=\"pe-7s-map\"><\/span><\/div>\n                <div class=\"contact-info\">\n                  <h4 class=\"contact-info-title\">Oficina<\/h4>\n                  <p>Col. Buenos aires, 2da ave, 11 y 12 calle, San Pedro Sula, Honduras<\/p>\n                <\/div>\n              <\/div><div class=\"contact-info-item hanor-item hanor-address-69e13447dd0b5 \">\n                <div class=\"hanor-icon\"><span class=\"pe-7s-phone\"><\/span><\/div>\n                <div class=\"contact-info\">\n                  <h4 class=\"contact-info-title\">Cont\u00e1ctenos<\/h4>\n                  <p><a href=\"tel:+50495832383\">(+504) 9583-2383<\/a><a href=\"tel:+50499681809\">(+504) 9968-1809<\/a><\/p>\n                <\/div>\n              <\/div><div class=\"contact-info-item hanor-item hanor-address-69e13447dd0c3 \">\n                <div class=\"hanor-icon\"><span class=\"pe-7s-mail-open-file\"><\/span><\/div>\n                <div class=\"contact-info\">\n                  <h4 class=\"contact-info-title\">Escr\u00edbanos<\/h4>\n                  <p><a href=\"mailto:hola@widupay.com\">hola@widupay.com<\/a><a href=\"mailto:support@widupay.com\">support@widupay.com<\/a><\/p>\n                <\/div>\n              <\/div>[\/vc_column][\/vc_row]<\/p>\n","protected":false},"excerpt":{"rendered":"[vc_row full_width=\u00bbstretch_row\u00bb overlay_dotted=\u00bb\u00bb css=\u00bb.vc_custom_1547024242122{padding-top: 7% !important;padding-bottom: 7% !important;background-color: #f6f6f6 !important;}\u00bb][vc_column offset=\u00bbvc_col-lg-8 vc_col-md-8&#8243;][\/vc_column][vc_column offset=\u00bbvc_col-lg-4 vc_col-md-4&#8243;][\/vc_column][\/vc_row]","protected":false},"author":2,"featured_media":0,"parent":0,"menu_order":0,"comment_status":"closed","ping_status":"closed","template":"","meta":[],"yoast_head":"<!-- This site is optimized with the Yoast SEO plugin v14.9 - https:\/\/yoast.com\/wordpress\/plugins\/seo\/ -->\n<title>Solicitar Demostraci\u00f3n - Windul<\/title>\n<meta name=\"robots\" content=\"index, follow, max-snippet:-1, max-image-preview:large, max-video-preview:-1\" \/>\n<link rel=\"canonical\" href=\"https:\/\/widupay.com\/windul\/solicitar-demostracion\/\" \/>\n<meta property=\"og:locale\" content=\"es_ES\" \/>\n<meta property=\"og:type\" content=\"article\" \/>\n<meta property=\"og:title\" content=\"Solicitar Demostraci\u00f3n - Windul\" \/>\n<meta property=\"og:description\" content=\"[vc_row full_width=\u00bbstretch_row\u00bb overlay_dotted=\u00bb\u00bb css=\u00bb.vc_custom_1547024242122{padding-top: 7% !important;padding-bottom: 7% !important;background-color: #f6f6f6 !important;}\u00bb][vc_column offset=\u00bbvc_col-lg-8 vc_col-md-8&#8243;][\/vc_column][vc_column offset=\u00bbvc_col-lg-4 vc_col-md-4&#8243;][\/vc_column][\/vc_row]\" \/>\n<meta property=\"og:url\" content=\"https:\/\/widupay.com\/windul\/solicitar-demostracion\/\" \/>\n<meta property=\"og:site_name\" content=\"Windul\" \/>\n<meta property=\"article:publisher\" content=\"https:\/\/www.facebook.com\/windulapp\" \/>\n<meta property=\"article:modified_time\" content=\"2020-09-12T03:07:18+00:00\" \/>\n<meta name=\"twitter:card\" content=\"summary_large_image\" \/>\n<script type=\"application\/ld+json\" class=\"yoast-schema-graph\">{\"@context\":\"https:\/\/schema.org\",\"@graph\":[{\"@type\":\"Organization\",\"@id\":\"https:\/\/widupay.com\/windul\/#organization\",\"name\":\"Widupay\",\"url\":\"https:\/\/widupay.com\/windul\/\",\"sameAs\":[\"https:\/\/www.facebook.com\/windulapp\",\"https:\/\/www.instagram.com\/windulapp\/\"],\"logo\":{\"@type\":\"ImageObject\",\"@id\":\"https:\/\/widupay.com\/windul\/#logo\",\"inLanguage\":\"es\",\"url\":\"https:\/\/widupay.com\/windul\/wp-content\/uploads\/sites\/2\/2020\/09\/widupay_2x.png\",\"width\":250,\"height\":80,\"caption\":\"Widupay\"},\"image\":{\"@id\":\"https:\/\/widupay.com\/windul\/#logo\"}},{\"@type\":\"WebSite\",\"@id\":\"https:\/\/widupay.com\/windul\/#website\",\"url\":\"https:\/\/widupay.com\/windul\/\",\"name\":\"Windul\",\"description\":\"Aplicaci\\u00f3n de facturaci\\u00f3n y pagos en linea para escuelas\",\"publisher\":{\"@id\":\"https:\/\/widupay.com\/windul\/#organization\"},\"potentialAction\":[{\"@type\":\"SearchAction\",\"target\":\"https:\/\/widupay.com\/windul\/?s={search_term_string}\",\"query-input\":\"required name=search_term_string\"}],\"inLanguage\":\"es\"},{\"@type\":\"WebPage\",\"@id\":\"https:\/\/widupay.com\/windul\/solicitar-demostracion\/#webpage\",\"url\":\"https:\/\/widupay.com\/windul\/solicitar-demostracion\/\",\"name\":\"Solicitar Demostraci\\u00f3n - Windul\",\"isPartOf\":{\"@id\":\"https:\/\/widupay.com\/windul\/#website\"},\"datePublished\":\"2020-02-19T02:58:23+00:00\",\"dateModified\":\"2020-09-12T03:07:18+00:00\",\"inLanguage\":\"es\",\"potentialAction\":[{\"@type\":\"ReadAction\",\"target\":[\"https:\/\/widupay.com\/windul\/solicitar-demostracion\/\"]}]}]}<\/script>\n<!-- \/ Yoast SEO plugin. -->","_links":{"self":[{"href":"https:\/\/widupay.com\/windul\/wp-json\/wp\/v2\/pages\/4027"}],"collection":[{"href":"https:\/\/widupay.com\/windul\/wp-json\/wp\/v2\/pages"}],"about":[{"href":"https:\/\/widupay.com\/windul\/wp-json\/wp\/v2\/types\/page"}],"author":[{"embeddable":true,"href":"https:\/\/widupay.com\/windul\/wp-json\/wp\/v2\/users\/2"}],"replies":[{"embeddable":true,"href":"https:\/\/widupay.com\/windul\/wp-json\/wp\/v2\/comments?post=4027"}],"version-history":[{"count":12,"href":"https:\/\/widupay.com\/windul\/wp-json\/wp\/v2\/pages\/4027\/revisions"}],"predecessor-version":[{"id":4244,"href":"https:\/\/widupay.com\/windul\/wp-json\/wp\/v2\/pages\/4027\/revisions\/4244"}],"wp:attachment":[{"href":"https:\/\/widupay.com\/windul\/wp-json\/wp\/v2\/media?parent=4027"}],"curies":[{"name":"wp","href":"https:\/\/api.w.org\/{rel}","templated":true}]}}