{"id":3785,"date":"2018-10-30T07:41:35","date_gmt":"2018-10-30T07:41:35","guid":{"rendered":"http:\/\/192.168.1.114\/havnor-demo\/mac-app\/?page_id=3785"},"modified":"2020-09-19T10:44:09","modified_gmt":"2020-09-19T16:44:09","slug":"precios","status":"publish","type":"page","link":"https:\/\/widupay.com\/windul\/precios\/","title":{"rendered":"Precios"},"content":{"rendered":"<p>[vc_row full_width=\u00bbstretch_row\u00bb overlay_dotted=\u00bb\u00bb css=\u00bb.vc_custom_1547024062632{padding-top: 7% !important;padding-bottom: 8% !important;background-color: #f9f9f9 !important;}\u00bb][vc_column]<div class=\"hanor-section-title section-title-one hanor-stitle-69e134231ff5c-nuestros-planes-para-tu-escuela cpation-center \"><h2 class=\"section-title\">Nuestros planes para tu escuela<\/h2><p>Ponemos a su disposici\u00f3n una gama completa de planes con las caracter\u00edsticas que pueden adaptarse a cualquier tama\u00f1o de Escuela, de esta forma puedan brindar a sus padres de familia y a su escuela en general la experiencia que esperan. Al pagar cualquiera de nuestros planes de forma anual podr\u00e1 ahorrar hasta un 10% descuento en cada mensualidad.<\/p><\/div>[vc_row_inner][vc_column_inner width=\u00bb1\/2&#8243; offset=\u00bbvc_col-lg-4 vc_col-md-6&#8243;]<div class=\"plan-item hanor-item  hanor-plan-69e134231fff9 pricing-style-two\">\n                <div class=\"plan-title-wrap\">\n                  <h4 class=\"plan-title\">Catracho<\/h4><h2 class=\"plan-price\">$50<\/h2><p class=\"plan-time-period\">Paga 12 meses y recibe 10% de descuento<\/p>\n                <\/div>\n                <div class=\"plan-info\">\n                  <ul><li>- Usuarios ilimitados<\/li><li>- Estudiantes ilimitados<\/li><li>- Padres\/Contactos ilimitados<\/li><li>+ Matr\u00edcula y enrolamientos<\/li><li>- Pasarela de pago<\/li><li>- Facturaci\u00f3n<\/li><li>- Windul Payments<\/li><li>- Widuclick<\/li><li>- Soporte tickets\/emails 24\/7<\/li><li>- Emails 4000<\/li><\/ul>\n                  <div class=\"hanor-btns-group\"><a href=\"https:\/\/widupay.com\/windul\/solicitud-de-contacto\/\"  class=\"hanor-btn\"><span class=\"hanor-btn-text\">Solicitar Ahora<\/span><\/a><\/div>\n                <\/div>\n              <\/div>[\/vc_column_inner][vc_column_inner width=\u00bb1\/2&#8243; offset=\u00bbvc_col-lg-4 vc_col-md-6&#8243;]<div class=\"plan-item hanor-item  hanor-plan-69e1342320031 pricing-style-two\">\n                <div class=\"plan-title-wrap\">\n                  <h4 class=\"plan-title\">Starter<\/h4><h2 class=\"plan-price\">$70<\/h2><p class=\"plan-time-period\">Paga 12 meses y recibe 10% de descuento<\/p>\n                <\/div>\n                <div class=\"plan-info\">\n                  <ul><li>- Todo lo del plan Catracho<\/li><li>+ Cobros Masivos<\/li><li>- Emails 8000<\/li><li>+ SMS 50<\/li><\/ul>\n                  <div class=\"hanor-btns-group\"><a href=\"https:\/\/widupay.com\/windul\/solicitud-de-contacto\/\"  class=\"hanor-btn\"><span class=\"hanor-btn-text\">Solicitar Ahora<\/span><\/a><\/div>\n                <\/div>\n              <\/div>[\/vc_column_inner][vc_column_inner width=\u00bb1\/2&#8243; offset=\u00bbvc_col-lg-4 vc_col-md-6&#8243;]<div class=\"plan-item hanor-item  hanor-plan-69e1342320060 pricing-style-two\">\n                <div class=\"plan-title-wrap\">\n                  <h4 class=\"plan-title\">Basic<\/h4><h2 class=\"plan-price\">$115<\/h2><p class=\"plan-time-period\">Paga 12 meses y recibe 10% de descuento<\/p>\n                <\/div>\n                <div class=\"plan-info\">\n                  <ul><li>- Todo lo del plan Starter<\/li><li>+ Cuentas por cobrar<\/li><li>+ Soporte telef\u00f3nico 7:00-5:00pm<\/li><li>- Emails 12000<\/li><li>- SMS 150<\/li><\/ul>\n                  <div class=\"hanor-btns-group\"><a href=\"https:\/\/widupay.com\/windul\/solicitud-de-contacto\/\"  class=\"hanor-btn\"><span class=\"hanor-btn-text\">Solicitar Ahora<\/span><\/a><\/div>\n                <\/div>\n              <\/div>[\/vc_column_inner][\/vc_row_inner][vc_row_inner][vc_column_inner width=\u00bb1\/2&#8243; offset=\u00bbvc_col-lg-4 vc_col-md-6&#8243;]<div class=\"plan-item hanor-item  hanor-plan-69e134232009c pricing-style-two\">\n                <div class=\"plan-title-wrap\">\n                  <h4 class=\"plan-title\">Standard<\/h4><h2 class=\"plan-price\">$140<\/h2><p class=\"plan-time-period\">Paga 12 meses y recibe 10% de descuento<\/p>\n                <\/div>\n                <div class=\"plan-info\">\n                  <ul><li>- Todo lo del plan Basic<\/li><li>+ Windul Admissions<\/li><li>+ Widubucks<\/li><li>+ Widubucks events<\/li><li>+ Soporte Whatsapp 7:00-9:00pm<\/li><li>- Emails 20000<\/li><li>- SMS 300<\/li><\/ul>\n                  <div class=\"hanor-btns-group\"><a href=\"https:\/\/widupay.com\/windul\/solicitud-de-contacto\/\"  class=\"hanor-btn\"><span class=\"hanor-btn-text\">Solicitar Ahora<\/span><\/a><\/div>\n                <\/div>\n              <\/div>[\/vc_column_inner][vc_column_inner width=\u00bb1\/2&#8243; offset=\u00bbvc_col-lg-4 vc_col-md-6&#8243;]<div class=\"plan-item hanor-item  hanor-plan-69e13423200de pricing-style-two\">\n                <div class=\"plan-title-wrap\">\n                  <h4 class=\"plan-title\">Ultimate<\/h4><h2 class=\"plan-price\">$175<\/h2><p class=\"plan-time-period\">Paga 12 meses y recibe 10% de descuento<\/p>\n                <\/div>\n                <div class=\"plan-info\">\n                  <ul><li>- Todo lo del plan Standart<\/li><li>+ Widbucks travels<\/li><li>+ Widbucks summer camps<\/li><li>+ Desarrollo y dise\u00f1o de plantillas correo<\/li><li>+ Dominio \"tuescuela.com\" gratis<\/li><li>+ Correo electr\u00f3nico gratis<\/li><li>+ Soporte por videoconferencia 7:00am-7:00pm<\/li><li>- Emails 36000<\/li><li>- SMS 600<\/li><\/ul>\n                  <div class=\"hanor-btns-group\"><a href=\"https:\/\/widupay.com\/windul\/solicitud-de-contacto\/\"  class=\"hanor-btn\"><span class=\"hanor-btn-text\">Solicitar Ahora<\/span><\/a><\/div>\n                <\/div>\n              <\/div>[\/vc_column_inner][vc_column_inner width=\u00bb1\/2&#8243; offset=\u00bbvc_col-lg-4 vc_col-md-6&#8243;]<div class=\"plan-item hanor-item  hanor-plan-69e1342320110 pricing-style-two\">\n                <div class=\"plan-title-wrap\">\n                  <h4 class=\"plan-title\">Infinite<\/h4><h2 class=\"plan-price\">$250<\/h2><p class=\"plan-time-period\">Paga 12 meses y recibe 10% de descuento<\/p>\n                <\/div>\n                <div class=\"plan-info\">\n                  <ul><li>- Todo lo del plan Ultimate incluido<\/li><li>+ Desarrollo, dise\u00f1o y mantenimiento de sitio web<\/li><li>+ Desarrollo de reportes a la medida<\/li><li>+ Desarrollo de formularios a la medida<\/li><li>+ G Suite for Education configuraci\u00f3n y soporte<\/li><li>+ Soporte presencial 7:00-5:00pm<\/li><li>- Emails ilimitados<\/li><li>- SMS 1200<\/li><\/ul>\n                  <div class=\"hanor-btns-group\"><a href=\"https:\/\/widupay.com\/windul\/solicitud-de-contacto\/\"  class=\"hanor-btn\"><span class=\"hanor-btn-text\">Solicitar Ahora<\/span><\/a><\/div>\n                <\/div>\n              <\/div>[\/vc_column_inner][\/vc_row_inner]<div class=\"hanor-section-title section-title-one hanor-stitle-69e1342320146-aproveche-la-promocion-de-lanzamiento cpation-center \"><h2 class=\"section-title\">\u00a1Aproveche la promoci\u00f3n de lanzamiento!<\/h2><p>Todos los planes a precio especial, con pagos en linea ilimitados, sin pago de configuraci\u00f3n y <b>primer mes gratis<\/b>*<\/p><\/div>[\/vc_column][\/vc_row][vc_row overlay_dotted=\u00bb\u00bb css=\u00bb.vc_custom_1599885221034{padding-bottom: 0px !important;}\u00bb][vc_column]<div class=\"hanor-callout   callout-style-two  hanor-cta-69e1342320216\"><div class=\"container\"><div class=\"col-md-8\"><h2 class=\"callout-title\"><\/h2><p>\u00bfNecesita m\u00e1s? Tambi\u00e9n puedes implementar Windul en la infraestructura y certificados propios de tu Escuela, solicita que uno de nuestros ejecutivo de cuentas se comunique contigo para que le proporcione una oferta de nuestros servicios <strong>On-premises<\/strong>.<\/p>\n<\/div> <div class=\"col-md-4\"> <a href=\"https:\/\/widupay.com\/windul\/solicitud-de-contacto\/\"  class=\"hanor-btn hanor-white-btn\"><span class=\"hanor-btn-text\">Solicitar llamada<\/span><\/a><\/div><\/div><\/div>[\/vc_column][\/vc_row][vc_row full_width=\u00bbstretch_row_content_no_spaces\u00bb overlay_dotted=\u00bb\u00bb][vc_column css=\u00bb.vc_custom_1540883945219{padding-top: 0px !important;}\u00bb]<div class=\"hanor-callout  callout-style-one hanor-cta-69e1342320270\"><div class=\"container\"><h2 class=\"callout-title\">Compara nuestros planes y consulta todos los beneficios que te proporcionaran<\/h2><a href=\"https:\/\/widupay.com\/windul\/comparacion-de-planes\/\"  class=\"hanor-btn hanor-white-btn\"><span class=\"hanor-btn-text\">Comparar<\/span><\/a><\/div><\/div>[\/vc_column][\/vc_row]<\/p>\n","protected":false},"excerpt":{"rendered":"[vc_row full_width=\u00bbstretch_row\u00bb overlay_dotted=\u00bb\u00bb css=\u00bb.vc_custom_1547024062632{padding-top: 7% !important;padding-bottom: 8% !important;background-color: #f9f9f9 !important;}\u00bb][vc_column][vc_row_inner][vc_column_inner width=\u00bb1\/2&#8243; offset=\u00bbvc_col-lg-4 vc_col-md-6&#8243;][\/vc_column_inner][vc_column_inner width=\u00bb1\/2&#8243; offset=\u00bbvc_col-lg-4 vc_col-md-6&#8243;][\/vc_column_inner][vc_column_inner width=\u00bb1\/2&#8243; offset=\u00bbvc_col-lg-4 vc_col-md-6&#8243;][\/vc_column_inner][\/vc_row_inner][vc_row_inner][vc_column_inner width=\u00bb1\/2&#8243; offset=\u00bbvc_col-lg-4 vc_col-md-6&#8243;][\/vc_column_inner][vc_column_inner width=\u00bb1\/2&#8243; offset=\u00bbvc_col-lg-4 vc_col-md-6&#8243;][\/vc_column_inner][vc_column_inner width=\u00bb1\/2&#8243; offset=\u00bbvc_col-lg-4 vc_col-md-6&#8243;][\/vc_column_inner][\/vc_row_inner][\/vc_column][\/vc_row][vc_row overlay_dotted=\u00bb\u00bb css=\u00bb.vc_custom_1599885221034{padding-bottom: 0px !important;}\u00bb][vc_column][\/vc_column][\/vc_row][vc_row full_width=\u00bbstretch_row_content_no_spaces\u00bb overlay_dotted=\u00bb\u00bb][vc_column css=\u00bb.vc_custom_1540883945219{padding-top: 0px !important;}\u00bb][\/vc_column][\/vc_row]","protected":false},"author":1,"featured_media":0,"parent":0,"menu_order":0,"comment_status":"closed","ping_status":"closed","template":"","meta":[],"yoast_head":"<!-- This site is optimized with the Yoast SEO plugin v14.9 - https:\/\/yoast.com\/wordpress\/plugins\/seo\/ -->\n<title>Precios - Windul<\/title>\n<meta name=\"robots\" content=\"index, follow, max-snippet:-1, max-image-preview:large, max-video-preview:-1\" \/>\n<link rel=\"canonical\" href=\"https:\/\/widupay.com\/windul\/precios\/\" \/>\n<meta property=\"og:locale\" content=\"es_ES\" \/>\n<meta property=\"og:type\" content=\"article\" \/>\n<meta property=\"og:title\" content=\"Precios - Windul\" \/>\n<meta property=\"og:description\" content=\"[vc_row full_width=\u00bbstretch_row\u00bb overlay_dotted=\u00bb\u00bb css=\u00bb.vc_custom_1547024062632{padding-top: 7% !important;padding-bottom: 8% !important;background-color: #f9f9f9 !important;}\u00bb][vc_column][vc_row_inner][vc_column_inner width=\u00bb1\/2&#8243; offset=\u00bbvc_col-lg-4 vc_col-md-6&#8243;][\/vc_column_inner][vc_column_inner width=\u00bb1\/2&#8243; offset=\u00bbvc_col-lg-4 vc_col-md-6&#8243;][\/vc_column_inner][vc_column_inner width=\u00bb1\/2&#8243; offset=\u00bbvc_col-lg-4 vc_col-md-6&#8243;][\/vc_column_inner][\/vc_row_inner][vc_row_inner][vc_column_inner width=\u00bb1\/2&#8243; offset=\u00bbvc_col-lg-4 vc_col-md-6&#8243;][\/vc_column_inner][vc_column_inner width=\u00bb1\/2&#8243; offset=\u00bbvc_col-lg-4 vc_col-md-6&#8243;][\/vc_column_inner][vc_column_inner width=\u00bb1\/2&#8243; offset=\u00bbvc_col-lg-4 vc_col-md-6&#8243;][\/vc_column_inner][\/vc_row_inner][\/vc_column][\/vc_row][vc_row overlay_dotted=\u00bb\u00bb css=\u00bb.vc_custom_1599885221034{padding-bottom: 0px !important;}\u00bb][vc_column][\/vc_column][\/vc_row][vc_row full_width=\u00bbstretch_row_content_no_spaces\u00bb overlay_dotted=\u00bb\u00bb][vc_column css=\u00bb.vc_custom_1540883945219{padding-top: 0px !important;}\u00bb][\/vc_column][\/vc_row]\" \/>\n<meta property=\"og:url\" content=\"https:\/\/widupay.com\/windul\/precios\/\" \/>\n<meta property=\"og:site_name\" content=\"Windul\" \/>\n<meta property=\"article:publisher\" content=\"https:\/\/www.facebook.com\/windulapp\" \/>\n<meta property=\"article:modified_time\" content=\"2020-09-19T16:44:09+00:00\" \/>\n<meta name=\"twitter:card\" content=\"summary_large_image\" \/>\n<script type=\"application\/ld+json\" class=\"yoast-schema-graph\">{\"@context\":\"https:\/\/schema.org\",\"@graph\":[{\"@type\":\"Organization\",\"@id\":\"https:\/\/widupay.com\/windul\/#organization\",\"name\":\"Widupay\",\"url\":\"https:\/\/widupay.com\/windul\/\",\"sameAs\":[\"https:\/\/www.facebook.com\/windulapp\",\"https:\/\/www.instagram.com\/windulapp\/\"],\"logo\":{\"@type\":\"ImageObject\",\"@id\":\"https:\/\/widupay.com\/windul\/#logo\",\"inLanguage\":\"es\",\"url\":\"https:\/\/widupay.com\/windul\/wp-content\/uploads\/sites\/2\/2020\/09\/widupay_2x.png\",\"width\":250,\"height\":80,\"caption\":\"Widupay\"},\"image\":{\"@id\":\"https:\/\/widupay.com\/windul\/#logo\"}},{\"@type\":\"WebSite\",\"@id\":\"https:\/\/widupay.com\/windul\/#website\",\"url\":\"https:\/\/widupay.com\/windul\/\",\"name\":\"Windul\",\"description\":\"Aplicaci\\u00f3n de facturaci\\u00f3n y pagos en linea para escuelas\",\"publisher\":{\"@id\":\"https:\/\/widupay.com\/windul\/#organization\"},\"potentialAction\":[{\"@type\":\"SearchAction\",\"target\":\"https:\/\/widupay.com\/windul\/?s={search_term_string}\",\"query-input\":\"required name=search_term_string\"}],\"inLanguage\":\"es\"},{\"@type\":\"WebPage\",\"@id\":\"https:\/\/widupay.com\/windul\/precios\/#webpage\",\"url\":\"https:\/\/widupay.com\/windul\/precios\/\",\"name\":\"Precios - Windul\",\"isPartOf\":{\"@id\":\"https:\/\/widupay.com\/windul\/#website\"},\"datePublished\":\"2018-10-30T07:41:35+00:00\",\"dateModified\":\"2020-09-19T16:44:09+00:00\",\"inLanguage\":\"es\",\"potentialAction\":[{\"@type\":\"ReadAction\",\"target\":[\"https:\/\/widupay.com\/windul\/precios\/\"]}]}]}<\/script>\n<!-- \/ Yoast SEO plugin. -->","_links":{"self":[{"href":"https:\/\/widupay.com\/windul\/wp-json\/wp\/v2\/pages\/3785"}],"collection":[{"href":"https:\/\/widupay.com\/windul\/wp-json\/wp\/v2\/pages"}],"about":[{"href":"https:\/\/widupay.com\/windul\/wp-json\/wp\/v2\/types\/page"}],"author":[{"embeddable":true,"href":"https:\/\/widupay.com\/windul\/wp-json\/wp\/v2\/users\/1"}],"replies":[{"embeddable":true,"href":"https:\/\/widupay.com\/windul\/wp-json\/wp\/v2\/comments?post=3785"}],"version-history":[{"count":64,"href":"https:\/\/widupay.com\/windul\/wp-json\/wp\/v2\/pages\/3785\/revisions"}],"predecessor-version":[{"id":4471,"href":"https:\/\/widupay.com\/windul\/wp-json\/wp\/v2\/pages\/3785\/revisions\/4471"}],"wp:attachment":[{"href":"https:\/\/widupay.com\/windul\/wp-json\/wp\/v2\/media?parent=3785"}],"curies":[{"name":"wp","href":"https:\/\/api.w.org\/{rel}","templated":true}]}}