{"id":3762,"date":"2018-10-30T07:03:45","date_gmt":"2018-10-30T07:03:45","guid":{"rendered":"http:\/\/192.168.1.114\/havnor-demo\/mac-app\/?page_id=3762"},"modified":"2020-09-12T14:31:29","modified_gmt":"2020-09-12T14:31:29","slug":"preguntas-frecuentes","status":"publish","type":"page","link":"https:\/\/widupay.com\/windul\/preguntas-frecuentes\/","title":{"rendered":"Preguntas Frecuentes"},"content":{"rendered":"<p>[vc_row full_width=\u00bbstretch_row\u00bb content_placement=\u00bbmiddle\u00bb overlay_dotted=\u00bb\u00bb css=\u00bb.vc_custom_1547023920667{padding-top: 16% !important;padding-bottom: 15% !important;padding-left: 0px !important;}\u00bb][vc_column text_alignment=\u00bbtext-center\u00bb offset=\u00bbvc_col-lg-6 vc_col-md-12&#8243;]<div class=\"hanor-presentation  left-side\"><div class=\"hanor-image\"><img src=\"https:\/\/widupay.com\/windul\/wp-content\/uploads\/sites\/2\/2020\/09\/windulLoginAdmin.png\" alt=\"\"><\/div><\/div>[\/vc_column][vc_column offset=\u00bbvc_col-lg-6 vc_col-md-12&#8243;]<div class=\"hanor-section-title section-title-one hanor-stitle-69e1379fea506-preguntas-frecuentes-sobre-windul cpation-left \"><h2 class=\"section-title\">Preguntas frecuentes sobre Windul<\/h2><\/div><div class=\"accordion hanor-acc-69e1379fea61e  collapse-others\" role=\"tablist\" ><div class=\"panel panel-default  active\"><div class=\"panel-heading\"><h4 class=\"panel-title\"> <a href=\"#69e1379fea61e-0\" class=\" in\" data-toggle=\"collapse\" aria-expanded=\"true\">\u00bfPor qu\u00e9 usar esta plataforma en vez de otras?<\/a><\/h4><\/div><div id=\"69e1379fea61e-0\" class=\"panel-collapse collapse in\"><div class=\"panel-content\">[vc_column_text]Aunque hay m\u00e1s plataformas de pago que permiten enviar emails de solicitud de cobro y creaci\u00f3n de botones de pago. Windul ha sido concebida para el uso profesional y administrativo dedicado a Escuelas, y tiene ventajas notables sobre las plataformas generalistas. Entre ellas, los emails se env\u00edan con remitente e imagen corporativa de la Escuela (no de la plataforma de pago), se pueden incluir adjuntos en los emails (facturas, contratos, planes,..). <b>Lo mas importante es que no debes de preocuparte por pedir al usuario que envi\u00e9 una captura del pago realizado o que notifique que ha completado el pago, Windul al momento de recibir un pago autom\u00e1ticamente lo aplica a las facturas o cargos asignados que este pagando del estudiante o familia. En todo momento tu tendr\u00e1s\u00a0el conocimiento de las transacciones recibidas mediante nuestra aplicaci\u00f3n.<\/b>[\/vc_column_text]<\/div><\/div><\/div><div class=\"panel panel-default \"><div class=\"panel-heading\"><h4 class=\"panel-title\"> <a href=\"#69e1379fea61e-1\" class=\"collapsed\" data-toggle=\"collapse\" aria-expanded=\"true\">\u00bfQu\u00e9 plan es el que mejor encaja para mi Escuela?<\/a><\/h4><\/div><div id=\"69e1379fea61e-1\" class=\"panel-collapse collapse\"><div class=\"panel-content\">[vc_column_text css=\u00bb.vc_custom_1599920560124{margin-bottom: 0px !important;padding-bottom: 0px !important;}\u00bb]Nuestro plan m\u00e1s vendido es el <strong>Standart<\/strong>. Puedes escoger este o cualquier otro ya que puedes cambiar de plan en cualquier momento y sin coste adicional.[\/vc_column_text]<\/div><\/div><\/div><div class=\"panel panel-default \"><div class=\"panel-heading\"><h4 class=\"panel-title\"> <a href=\"#69e1379fea61e-2\" class=\"collapsed\" data-toggle=\"collapse\" aria-expanded=\"true\">\u00bfEst\u00e1n seguros mis datos y los de mis clientes?<\/a><\/h4><\/div><div id=\"69e1379fea61e-2\" class=\"panel-collapse collapse\"><div class=\"panel-content\">[vc_column_text]Todas las transferencias de datos en esta plataforma se realizan de forma segura mediante conexiones cifradas con protocolo seguro https, y la parte del proceso que implica gesti\u00f3n de dinero y datos de tarjetas de cr\u00e9dito se realiza directamente en los tpv virtuales de las entidades financieras, por lo que la seguridad y confidencialidad de los pagos est\u00e1 totalmente protegida, y no se almacenan datos de tarjetas de cr\u00e9dito ni c\u00f3digos bancarios de los clientes. Windul cumple con PCI DSS Nivel 1[\/vc_column_text]<\/div><\/div><\/div><div class=\"panel panel-default \"><div class=\"panel-heading\"><h4 class=\"panel-title\"> <a href=\"#69e1379fea61e-3\" class=\"collapsed\" data-toggle=\"collapse\" aria-expanded=\"true\">\u00bfNecesito saber programar para usar Windul?<\/a><\/h4><\/div><div id=\"69e1379fea61e-3\" class=\"panel-collapse collapse\"><div class=\"panel-content\">[vc_column_text css=\u00bb.vc_custom_1599917696671{margin-bottom: 0px !important;padding-bottom: 0px !important;}\u00bb]\u00a1Para nada! Est\u00e1 dise\u00f1ada para que la puedas usar sin conocimientos t\u00e9cnicos.[\/vc_column_text]<\/div><\/div><\/div><div class=\"panel panel-default \"><div class=\"panel-heading\"><h4 class=\"panel-title\"> <a href=\"#69e1379fea61e-4\" class=\"collapsed\" data-toggle=\"collapse\" aria-expanded=\"true\">\u00bfDebo firmar un contrato?<\/a><\/h4><\/div><div id=\"69e1379fea61e-4\" class=\"panel-collapse collapse\"><div class=\"panel-content\">[vc_column_text css=\u00bb.vc_custom_1599917745087{margin-bottom: 0px !important;padding-bottom: 0px !important;}\u00bb]No, adem\u00e1s puedes cancelar todas las suscripciones mensuales en cualquier momento.[\/vc_column_text]<\/div><\/div><\/div><div class=\"panel panel-default \"><div class=\"panel-heading\"><h4 class=\"panel-title\"> <a href=\"#69e1379fea61e-5\" class=\"collapsed\" data-toggle=\"collapse\" aria-expanded=\"true\">\u00bfHay un l\u00edmite en la cantidad de estudiantes, padres y usuarios que puedo crear?<\/a><\/h4><\/div><div id=\"69e1379fea61e-5\" class=\"panel-collapse collapse\"><div class=\"panel-content\">[vc_column_text css=\u00bb.vc_custom_1599917912838{margin-bottom: 0px !important;padding-bottom: 0px !important;}\u00bb]No, es ilimitado. Puedes subir y administrar todos los estudiantes, padres, maestros, otros empleados y usuarios de forma ilimitada, la opci\u00f3n se encuentra incluida en todos nuestros planes mensuales.[\/vc_column_text]<\/div><\/div><\/div><div class=\"panel panel-default \"><div class=\"panel-heading\"><h4 class=\"panel-title\"> <a href=\"#69e1379fea61e-6\" class=\"collapsed\" data-toggle=\"collapse\" aria-expanded=\"true\">\u00bfPuedo usar mi propia pasarela de pagos?<\/a><\/h4><\/div><div id=\"69e1379fea61e-6\" class=\"panel-collapse collapse\"><div class=\"panel-content\">[vc_column_text]\u00a1Claro que s\u00ed! Puedes configurar f\u00e1cilmente tus propias pasarelas de pago, solo necesitaras que tu ejecutivo de cuenta de la entidad financiera te proporcione ciertos datos para ingresarlos en nuestra aplicaci\u00f3n. Ademas, cuentas con todo el apoyo de nuestro ejecutivo de cuenta y personal de soporte t\u00e9cnico que te acompa\u00f1aran en todo momento[\/vc_column_text]<\/div><\/div><\/div><div class=\"panel panel-default \"><div class=\"panel-heading\"><h4 class=\"panel-title\"> <a href=\"#69e1379fea61e-7\" class=\"collapsed\" data-toggle=\"collapse\" aria-expanded=\"true\">\u00bfTiene otros costes adicionales?<\/a><\/h4><\/div><div id=\"69e1379fea61e-7\" class=\"panel-collapse collapse\"><div class=\"panel-content\">[vc_column_text]Es necesario contar con una pasarela de pago online de una entidad financiera, cada entidad bancaria marca unas tarifas de mantenimiento y\/o comisi\u00f3n por operaci\u00f3n para este servicio, que deber\u00e1 abonar usted directamente. En el mejor de los casos, si ya cuenta con una de estas pasarelas integradas en su tienda online actual, se podr\u00eda usar tambi\u00e9n esa pasarela con Windul.com y no supondr\u00eda incremento alguno en sus tarifas de mantenimiento actuales. Si utilizas tu propia pasarela de pagos Windul.com solo te cobrara una comisi\u00f3n baja por cada transacci\u00f3n que realices. <strong>Al momento de crear tus escuelas autom\u00e1ticamente esta configurado para que utilices las pasarelas de pago de Windul, puedes cobrar a tus padres mediante nuestra pasarela y nos encargamos de depositar la cantidad recaudada en cualquier entidad financiera de tu preferencia.<\/strong>[\/vc_column_text]<\/div><\/div><\/div><div class=\"panel panel-default \"><div class=\"panel-heading\"><h4 class=\"panel-title\"> <a href=\"#69e1379fea61e-8\" class=\"collapsed\" data-toggle=\"collapse\" aria-expanded=\"true\">\u00bfQu\u00e9 nombre de dominio ver\u00e1n los clientes?<\/a><\/h4><\/div><div id=\"69e1379fea61e-8\" class=\"panel-collapse collapse\"><div class=\"panel-content\">[vc_column_text]Windul.com incluye en todos sus planes la posibilidad de usar un nombre corto el cual es utilizado para personalizar tu pagina de inicio https:\/\/windul.com\/login\/demoschool. El certificado SSL que cifrar\u00e1 la conexi\u00f3n ser\u00e1 gestionado y renovado por Windul.com de forma transparente para el cliente. Puedes utilizar Windul en tu propia infraestructura para que puedas configurar tu propio dominio y certificados.[\/vc_column_text]<\/div><\/div><\/div><div class=\"panel panel-default \"><div class=\"panel-heading\"><h4 class=\"panel-title\"> <a href=\"#69e1379fea61e-9\" class=\"collapsed\" data-toggle=\"collapse\" aria-expanded=\"true\">\u00bfQui\u00e9n est\u00e1 detr\u00e1s de esta plataforma?<\/a><\/h4><\/div><div id=\"69e1379fea61e-9\" class=\"panel-collapse collapse\"><div class=\"panel-content\">[vc_column_text]Windul ha sido dise\u00f1ada y desarrollada por la empresa de servicios inform\u00e1ticos Widupay, con m\u00e1s de 15 a\u00f1os de experiencia en el desarrollo de plataformas de comercio electr\u00f3nico, financieros y desarrollos multiplataforma.[\/vc_column_text]<\/div><\/div><\/div><\/div>[\/vc_column][\/vc_row][vc_row full_width=\u00bbstretch_row_content_no_spaces\u00bb overlay_dotted=\u00bb\u00bb][vc_column css=\u00bb.vc_custom_1540883945219{padding-top: 0px !important;}\u00bb]<div class=\"hanor-callout  callout-style-one hanor-cta-69e1379fea75b\"><div class=\"container\"><h2 class=\"callout-title\">Solicita una demostraci\u00f3n en las instalaciones de tu escuela<\/h2><a href=\"https:\/\/widupay.com\/windul\/solicitar-demostracion\/\"  class=\"hanor-btn hanor-white-btn\"><span class=\"hanor-btn-text\">SOLICITAR AHORA<\/span><\/a><\/div><\/div>[\/vc_column][\/vc_row]<\/p>\n","protected":false},"excerpt":{"rendered":"[vc_row full_width=\u00bbstretch_row\u00bb content_placement=\u00bbmiddle\u00bb overlay_dotted=\u00bb\u00bb css=\u00bb.vc_custom_1547023920667{padding-top: 16% !important;padding-bottom: 15% !important;padding-left: 0px !important;}\u00bb][vc_column text_alignment=\u00bbtext-center\u00bb offset=\u00bbvc_col-lg-6 vc_col-md-12&#8243;][\/vc_column][vc_column offset=\u00bbvc_col-lg-6 vc_col-md-12&#8243;][\/vc_column][\/vc_row][vc_row full_width=\u00bbstretch_row_content_no_spaces\u00bb overlay_dotted=\u00bb\u00bb][vc_column css=\u00bb.vc_custom_1540883945219{padding-top: 0px !important;}\u00bb][\/vc_column][\/vc_row]","protected":false},"author":1,"featured_media":0,"parent":0,"menu_order":0,"comment_status":"closed","ping_status":"closed","template":"","meta":[],"yoast_head":"<!-- This site is optimized with the Yoast SEO plugin v14.9 - https:\/\/yoast.com\/wordpress\/plugins\/seo\/ -->\n<title>Preguntas Frecuentes - Windul<\/title>\n<meta name=\"robots\" content=\"index, follow, max-snippet:-1, max-image-preview:large, max-video-preview:-1\" \/>\n<link rel=\"canonical\" href=\"https:\/\/widupay.com\/windul\/preguntas-frecuentes\/\" \/>\n<meta property=\"og:locale\" content=\"es_ES\" \/>\n<meta property=\"og:type\" content=\"article\" \/>\n<meta property=\"og:title\" content=\"Preguntas Frecuentes - Windul\" \/>\n<meta property=\"og:description\" content=\"[vc_row full_width=\u00bbstretch_row\u00bb content_placement=\u00bbmiddle\u00bb overlay_dotted=\u00bb\u00bb css=\u00bb.vc_custom_1547023920667{padding-top: 16% !important;padding-bottom: 15% !important;padding-left: 0px !important;}\u00bb][vc_column text_alignment=\u00bbtext-center\u00bb offset=\u00bbvc_col-lg-6 vc_col-md-12&#8243;][\/vc_column][vc_column offset=\u00bbvc_col-lg-6 vc_col-md-12&#8243;][\/vc_column][\/vc_row][vc_row full_width=\u00bbstretch_row_content_no_spaces\u00bb overlay_dotted=\u00bb\u00bb][vc_column css=\u00bb.vc_custom_1540883945219{padding-top: 0px !important;}\u00bb][\/vc_column][\/vc_row]\" \/>\n<meta property=\"og:url\" content=\"https:\/\/widupay.com\/windul\/preguntas-frecuentes\/\" \/>\n<meta property=\"og:site_name\" content=\"Windul\" \/>\n<meta property=\"article:publisher\" content=\"https:\/\/www.facebook.com\/windulapp\" \/>\n<meta property=\"article:modified_time\" content=\"2020-09-12T14:31:29+00:00\" \/>\n<meta name=\"twitter:card\" content=\"summary_large_image\" \/>\n<script type=\"application\/ld+json\" class=\"yoast-schema-graph\">{\"@context\":\"https:\/\/schema.org\",\"@graph\":[{\"@type\":\"Organization\",\"@id\":\"https:\/\/widupay.com\/windul\/#organization\",\"name\":\"Widupay\",\"url\":\"https:\/\/widupay.com\/windul\/\",\"sameAs\":[\"https:\/\/www.facebook.com\/windulapp\",\"https:\/\/www.instagram.com\/windulapp\/\"],\"logo\":{\"@type\":\"ImageObject\",\"@id\":\"https:\/\/widupay.com\/windul\/#logo\",\"inLanguage\":\"es\",\"url\":\"https:\/\/widupay.com\/windul\/wp-content\/uploads\/sites\/2\/2020\/09\/widupay_2x.png\",\"width\":250,\"height\":80,\"caption\":\"Widupay\"},\"image\":{\"@id\":\"https:\/\/widupay.com\/windul\/#logo\"}},{\"@type\":\"WebSite\",\"@id\":\"https:\/\/widupay.com\/windul\/#website\",\"url\":\"https:\/\/widupay.com\/windul\/\",\"name\":\"Windul\",\"description\":\"Aplicaci\\u00f3n de facturaci\\u00f3n y pagos en linea para escuelas\",\"publisher\":{\"@id\":\"https:\/\/widupay.com\/windul\/#organization\"},\"potentialAction\":[{\"@type\":\"SearchAction\",\"target\":\"https:\/\/widupay.com\/windul\/?s={search_term_string}\",\"query-input\":\"required name=search_term_string\"}],\"inLanguage\":\"es\"},{\"@type\":\"WebPage\",\"@id\":\"https:\/\/widupay.com\/windul\/preguntas-frecuentes\/#webpage\",\"url\":\"https:\/\/widupay.com\/windul\/preguntas-frecuentes\/\",\"name\":\"Preguntas Frecuentes - Windul\",\"isPartOf\":{\"@id\":\"https:\/\/widupay.com\/windul\/#website\"},\"datePublished\":\"2018-10-30T07:03:45+00:00\",\"dateModified\":\"2020-09-12T14:31:29+00:00\",\"inLanguage\":\"es\",\"potentialAction\":[{\"@type\":\"ReadAction\",\"target\":[\"https:\/\/widupay.com\/windul\/preguntas-frecuentes\/\"]}]}]}<\/script>\n<!-- \/ Yoast SEO plugin. -->","_links":{"self":[{"href":"https:\/\/widupay.com\/windul\/wp-json\/wp\/v2\/pages\/3762"}],"collection":[{"href":"https:\/\/widupay.com\/windul\/wp-json\/wp\/v2\/pages"}],"about":[{"href":"https:\/\/widupay.com\/windul\/wp-json\/wp\/v2\/types\/page"}],"author":[{"embeddable":true,"href":"https:\/\/widupay.com\/windul\/wp-json\/wp\/v2\/users\/1"}],"replies":[{"embeddable":true,"href":"https:\/\/widupay.com\/windul\/wp-json\/wp\/v2\/comments?post=3762"}],"version-history":[{"count":14,"href":"https:\/\/widupay.com\/windul\/wp-json\/wp\/v2\/pages\/3762\/revisions"}],"predecessor-version":[{"id":4281,"href":"https:\/\/widupay.com\/windul\/wp-json\/wp\/v2\/pages\/3762\/revisions\/4281"}],"wp:attachment":[{"href":"https:\/\/widupay.com\/windul\/wp-json\/wp\/v2\/media?parent=3762"}],"curies":[{"name":"wp","href":"https:\/\/api.w.org\/{rel}","templated":true}]}}